{"id":990,"date":"2020-11-01T09:43:15","date_gmt":"2020-11-01T09:43:15","guid":{"rendered":"http:\/\/hypnose-in-moers.de\/?page_id=990"},"modified":"2026-01-08T16:33:07","modified_gmt":"2026-01-08T16:33:07","slug":"preisliste","status":"publish","type":"page","link":"https:\/\/hypnose-in-moers.de\/?page_id=990","title":{"rendered":"Preisliste"},"content":{"rendered":"<p>[et_pb_section fb_built=&#8220;1&#8243; custom_padding_last_edited=&#8220;on|phone&#8220; admin_label=&#8220;Header&#8220; _builder_version=&#8220;4.4.2&#8243; background_color=&#8220;#d1d1d1&#8243; use_background_color_gradient=&#8220;on&#8220; background_color_gradient_start=&#8220;rgba(255,255,255,0)&#8220; background_color_gradient_end=&#8220;#ffffff&#8220; background_color_gradient_type=&#8220;radial&#8220; background_color_gradient_direction_radial=&#8220;right&#8220; background_color_gradient_end_position=&#8220;70%&#8220; background_color_gradient_overlays_image=&#8220;on&#8220; background_enable_image=&#8220;off&#8220; background_size=&#8220;contain&#8220; custom_margin=&#8220;|||&#8220; custom_padding=&#8220;0vw||0vw||true|false&#8220; custom_padding_tablet=&#8220;||||false|false&#8220; custom_padding_phone=&#8220;||||false|false&#8220; border_radii=&#8220;||||10vw&#8220; box_shadow_style=&#8220;preset3&#8243; box_shadow_vertical=&#8220;-3px&#8220; box_shadow_blur=&#8220;30px&#8220; box_shadow_spread=&#8220;-38px&#8220; box_shadow_color=&#8220;#000000&#8243;][et_pb_row column_structure=&#8220;3_5,2_5&#8243; _builder_version=&#8220;4.4.2&#8243;][et_pb_column type=&#8220;3_5&#8243; _builder_version=&#8220;3.25&#8243; custom_padding=&#8220;|||&#8220; custom_padding__hover=&#8220;|||&#8220;][et_pb_text _builder_version=&#8220;3.27.4&#8243; text_font=&#8220;||||||||&#8220; header_font=&#8220;Cantata One||||||||&#8220; header_font_size=&#8220;50px&#8220; header_line_height=&#8220;1.4em&#8220; header_2_font=&#8220;||||||||&#8220; header_2_text_color=&#8220;rgba(0,0,0,0.35)&#8220; header_2_font_size=&#8220;20px&#8220; header_2_line_height=&#8220;1.6em&#8220; animation_style=&#8220;slide&#8220; animation_direction=&#8220;bottom&#8220; header_font_size_tablet=&#8220;35px&#8220; header_font_size_phone=&#8220;25px&#8220; header_font_size_last_edited=&#8220;on|desktop&#8220;]<\/p>\n<h1>Preisliste\u00a0<\/h1>\n<h1><span style=\"color: rgba(0, 0, 0, 0.35); font-size: 20px; font-family: 'Open Sans', Arial, sans-serif;\">Beate Schweers, Ihr Hypnose Coach<\/span><\/h1>\n<p><span style=\"color: rgba(0, 0, 0, 0.35); font-size: 20px; font-family: 'Open Sans', Arial, sans-serif;\"><\/span><\/p>\n<p>[\/et_pb_text][\/et_pb_column][et_pb_column type=&#8220;2_5&#8243; _builder_version=&#8220;3.25&#8243; custom_padding=&#8220;15px|||&#8220; custom_padding__hover=&#8220;|||&#8220;][\/et_pb_column][\/et_pb_row][\/et_pb_section][et_pb_section fb_built=&#8220;1&#8243; fullwidth=&#8220;on&#8220; admin_label=&#8220;Map&#8220; _builder_version=&#8220;4.4.2&#8243; background_color=&#8220;#f6f7fa&#8220; top_divider_style=&#8220;wave&#8220; top_divider_color=&#8220;#f6f7fa&#8220; top_divider_height=&#8220;14px&#8220; top_divider_repeat=&#8220;18x&#8220; top_divider_repeat_tablet=&#8220;9x&#8220; top_divider_repeat_phone=&#8220;4x&#8220; top_divider_repeat_last_edited=&#8220;on|phone&#8220;][\/et_pb_section][et_pb_section fb_built=&#8220;1&#8243; _builder_version=&#8220;4.4.2&#8243; background_color=&#8220;#f6f7fa&#8220; use_background_color_gradient=&#8220;on&#8220; background_color_gradient_start=&#8220;#ffffff&#8220; background_color_gradient_end=&#8220;#f6f7fa&#8220; custom_margin=&#8220;19px|||||&#8220; custom_padding=&#8220;58px|||||&#8220; top_divider_style=&#8220;mountains&#8220; top_divider_color=&#8220;#0c71c3&#8243; top_divider_height=&#8220;83px&#8220; box_shadow_style=&#8220;preset3&#8243;][et_pb_row column_structure=&#8220;2_3,1_3&#8243; _builder_version=&#8220;4.4.2&#8243;][et_pb_column type=&#8220;2_3&#8243; _builder_version=&#8220;4.4.2&#8243;][et_pb_text _builder_version=&#8220;4.4.2&#8243; min_height=&#8220;85px&#8220; custom_padding=&#8220;||0px|||&#8220;]<\/p>\n<p><strong><\/strong><\/p>\n<p>&nbsp;<\/p>\n<p><strong><\/strong><\/p>\n<p>&nbsp;<\/p>\n<p>Das<strong>\u00a0Vorgespr\u00e4ch <\/strong>(max.20min) findet telefonisch oder \u00fcber Zoom\u00a0<strong><span style=\"color: #ff0000;\">kostenlos<\/span> <\/strong>statt. Hier k\u00f6nnen Sie mir Fragen stellen und mir kurz Ihr Anliegen mitteilen. Im Anschluss vereinbaren wir dann den 1.Termin online oder bei mir in der Praxis.<\/p>\n<p>&nbsp;<\/p>\n<p>Bitte zahlen Sie in<strong> Bar <\/strong>am Ende der 1.Sitzung.<\/p>\n<p>&nbsp;<\/p>\n<p><strong>\u00a0Business Coaching<\/strong> Preise auf Anfrage!<\/p>\n<p>Beantragen Sie noch schnell die F\u00f6rderung!<\/p>\n<p>&nbsp;<\/p>\n<p>[\/et_pb_text][\/et_pb_column][et_pb_column type=&#8220;1_3&#8243; _builder_version=&#8220;4.4.2&#8243;][\/et_pb_column][\/et_pb_row][et_pb_row _builder_version=&#8220;4.4.2&#8243; custom_margin=&#8220;-24px|auto||auto||&#8220; custom_padding=&#8220;0px|||||&#8220; border_color_all=&#8220;#0c71c3&#8243;][et_pb_column type=&#8220;4_4&#8243; _builder_version=&#8220;4.4.2&#8243;][et_pb_pricing_tables show_bullet=&#8220;off&#8220; _builder_version=&#8220;4.4.2&#8243; hover_enabled=&#8220;0&#8243;][et_pb_pricing_table title=&#8220;1. Sitzung &#8220; sum=&#8220;199,00\u20ac*&#8220; _builder_version=&#8220;4.4.2&#8243; header_font=&#8220;Cantata One||||||||&#8220; header_font_size=&#8220;18px&#8220; price_font_size=&#8220;50px&#8220;]<\/p>\n<p>intensive Vorbesprechung, Hypnose, Nachbesprechung (max. 2,5 Std.)<\/p>\n<p>[\/et_pb_pricing_table][et_pb_pricing_table title=&#8220;Soul &#038; Parts&#8220; sum=&#8220;220,00\u20ac*&#8220; _builder_version=&#8220;4.4.2&#8243; header_font=&#8220;Cantata One||||||||&#8220; header_font_size=&#8220;18px&#8220; price_font_size=&#8220;50px&#8220;]<\/p>\n<p>Regression und Teilearbeit\u00a0 \u00a0 \u00a0 \u00a0 \u00a0 \u00a0 \u00a0 \u00a0 \u00a0 \u00a0(max. 2,5 Std.)<\/p>\n<p>[\/et_pb_pricing_table][et_pb_pricing_table title=&#8220;Gewichtsreduktion&#8220; sum=&#8220;450,00\u20ac*&#8220; _builder_version=&#8220;4.4.2&#8243; header_font=&#8220;Cantata One||||||||&#8220; header_font_size=&#8220;18px&#8220; price_font_size=&#8220;50px&#8220; hover_enabled=&#8220;0&#8243;]<\/p>\n<p>Paketpreis f\u00fcr 3 Sitzungen\u00a0 \u00a0 \u00a0 \u00a0 \u00a0 \u00a0 \u00a0 \u00a0 \u00a0 \u00a0 (max. 5 Stunden)<\/p>\n<p>[\/et_pb_pricing_table][\/et_pb_pricing_tables][\/et_pb_column][\/et_pb_row][et_pb_row _builder_version=&#8220;4.4.2&#8243;][et_pb_column type=&#8220;4_4&#8243; _builder_version=&#8220;4.4.2&#8243;][et_pb_pricing_tables show_bullet=&#8220;off&#8220; _builder_version=&#8220;4.4.2&#8243;][et_pb_pricing_table title=&#8220;Preis pro Stunde&#8220; sum=&#8220;99,00\u20ac*&#8220; _builder_version=&#8220;4.4.2&#8243; header_font=&#8220;Cantata One||||||||&#8220; header_font_size=&#8220;18px&#8220; price_font_size=&#8220;50px&#8220;]<\/p>\n<p>individuelle Hypnose und Folgesitzung, Abrechnung erfolgt alle 15 min<\/p>\n<p>[\/et_pb_pricing_table][et_pb_pricing_table title=&#8220;Raucherentw\u00f6hnung&#8220; sum=&#8220;399,00\u20ac*&#8220; _builder_version=&#8220;4.4.2&#8243; header_font=&#8220;Cantata One||||||||&#8220; header_font_size=&#8220;18px&#8220; price_font_size=&#8220;50px&#8220;]<\/p>\n<p>Paketpreis f\u00fcr 2 Sitzungen w\u00f6chentlich (insgesamt max. 4 Stunden)<\/p>\n<p>[\/et_pb_pricing_table][et_pb_pricing_table title=&#8220;Coaching\/ Beratung&#8220; sum=&#8220;90,00\u20ac*&#8220; _builder_version=&#8220;4.4.2&#8243; header_font=&#8220;Cantata One||||||||&#8220; header_font_size=&#8220;18px&#8220; price_font_size=&#8220;50px&#8220;]<\/p>\n<p>Beratung\/Coaching (1 Stunde) auch online \u00fcber die ZOOM APP<\/p>\n<p>[\/et_pb_pricing_table][\/et_pb_pricing_tables][\/et_pb_column][\/et_pb_row][et_pb_row _builder_version=&#8220;4.4.2&#8243;][et_pb_column type=&#8220;4_4&#8243; _builder_version=&#8220;4.4.2&#8243;][et_pb_text _builder_version=&#8220;4.4.2&#8243;]<\/p>\n<p>&nbsp;<\/p>\n<p><strong>Kosten\u00fcbernahme<\/strong><\/p>\n<p>Meine Leistungen sind eine <strong>Privatleistung<\/strong>, die nicht von der gesetzlichen oder privaten Krankenkasse \u00fcbernommen wird. Sie k\u00f6nnen die Kosten bei Ihrer Steuererkl\u00e4rung unter &#8222;au\u00dfergew\u00f6hnliche Belastungen&#8220; geltend machen.<\/p>\n<p><strong>Terminabsage\/Verschiebung<\/strong><\/p>\n<p>Falls Sie es einmal nicht schaffen Ihren Termin wahrzunehmen, bitte ich Sie sp\u00e4testens <strong>48 Stunden<\/strong> vorher abzusagen. Andernfalls bin ich gezwungen Ihnen den Termin mit 99\u20ac in Rechnung zu stellen. Wenn Sie ein \u00e4rztliches Attest vorlegen k\u00f6nnen, f\u00e4llt kein Ausfallhonorar an. Falls Sie einen Termin \u00e4ndern m\u00f6chten, melden Sie sich bitte <strong>fr\u00fchzeitig<\/strong>, damit ich die M\u00f6glichkeit habe, den Termin neu zu vergeben.<\/p>\n<p><span style=\"text-decoration: underline;\">Ich f\u00fchre eine reine Terminpraxis!<\/span><\/p>\n<p>*Alle Preise sind Endpreise. Aufgrund des Kleinunternehmerstatus gem. \u00a7 19 UStG erhebe ich keine Umsatzsteuer und weise diese daher auch nicht aus.<\/p>\n<p><strong>Hausbesuche<\/strong><\/p>\n<p>Falls Sie in Ihrem Alltag so eingeschr\u00e4nkt sind, dass Sie Ihr Haus nicht verlassen k\u00f6nnen oder keine M\u00f6glichkeit haben um mich in der Praxis aufzusuchen, biete ich einen besonderen Service an. In dieser Situation mache ich einen Hausbesuch und f\u00fchre die Hypnose oder psychologische Beratung bei Ihnen durch.<\/p>\n<p>Der Preis s.o. + 0,50 \u20ac pro Kilometer (Fahrtzeit wird mit berechnet).<\/p>\n<p>[\/et_pb_text][\/et_pb_column][\/et_pb_row][et_pb_row _builder_version=&#8220;4.4.2&#8243;][et_pb_column type=&#8220;4_4&#8243; _builder_version=&#8220;4.4.2&#8243;][et_pb_button button_url=&#8220;@ET-DC@eyJkeW5hbWljIjp0cnVlLCJjb250ZW50IjoicG9zdF9saW5rX3VybF9wYWdlIiwic2V0dGluZ3MiOnsicG9zdF9pZCI6IjU1In19@&#8220; button_text=&#8220;Jetzt Termin vereinbaren&#8220; button_alignment=&#8220;center&#8220; _builder_version=&#8220;4.4.2&#8243; _dynamic_attributes=&#8220;button_url&#8220; custom_button=&#8220;on&#8220; button_text_size=&#8220;16px&#8220; button_text_color=&#8220;#ffffff&#8220; button_bg_color=&#8220;#52a8ff&#8220; button_border_width=&#8220;7px&#8220; button_border_color=&#8220;rgba(0,0,0,0)&#8220; button_border_radius=&#8220;100px&#8220; button_font=&#8220;Open Sans|700|||||||&#8220; animation_style=&#8220;slide&#8220; animation_direction=&#8220;bottom&#8220; button_text_color_hover=&#8220;#ffffff&#8220; button_border_color_hover=&#8220;rgba(0,0,0,0)&#8220; button_border_radius_hover=&#8220;100px&#8220; button_bg_color_hover=&#8220;#0059c3&#8243; locked=&#8220;off&#8220; button_text_size__hover_enabled=&#8220;off&#8220; button_one_text_size__hover_enabled=&#8220;off&#8220; button_two_text_size__hover_enabled=&#8220;off&#8220; button_text_color__hover_enabled=&#8220;on&#8220; button_text_color__hover=&#8220;#ffffff&#8220; button_one_text_color__hover_enabled=&#8220;off&#8220; button_two_text_color__hover_enabled=&#8220;off&#8220; button_border_width__hover_enabled=&#8220;off&#8220; button_one_border_width__hover_enabled=&#8220;off&#8220; button_two_border_width__hover_enabled=&#8220;off&#8220; button_border_color__hover_enabled=&#8220;on&#8220; button_border_color__hover=&#8220;rgba(0,0,0,0)&#8220; button_one_border_color__hover_enabled=&#8220;off&#8220; button_two_border_color__hover_enabled=&#8220;off&#8220; button_border_radius__hover_enabled=&#8220;on&#8220; button_border_radius__hover=&#8220;100px&#8220; button_one_border_radius__hover_enabled=&#8220;off&#8220; button_two_border_radius__hover_enabled=&#8220;off&#8220; button_letter_spacing__hover_enabled=&#8220;off&#8220; button_one_letter_spacing__hover_enabled=&#8220;off&#8220; button_two_letter_spacing__hover_enabled=&#8220;off&#8220; button_bg_color__hover_enabled=&#8220;on&#8220; button_bg_color__hover=&#8220;#0059c3&#8243; button_one_bg_color__hover_enabled=&#8220;off&#8220; button_two_bg_color__hover_enabled=&#8220;off&#8220;][\/et_pb_button][\/et_pb_column][\/et_pb_row][et_pb_row _builder_version=&#8220;4.4.2&#8243;][et_pb_column type=&#8220;4_4&#8243; _builder_version=&#8220;4.4.2&#8243;][et_pb_button button_url=&#8220;@ET-DC@eyJkeW5hbWljIjp0cnVlLCJjb250ZW50IjoicG9zdF9saW5rX3VybF9wYWdlIiwic2V0dGluZ3MiOnsicG9zdF9pZCI6IjI0OCJ9fQ==@&#8220; button_text=&#8220;Weitere Anwendungsm\u00f6glichkeiten f\u00fcr Hypnose&#8220; button_alignment=&#8220;center&#8220; _builder_version=&#8220;4.4.2&#8243; _dynamic_attributes=&#8220;button_url&#8220; locked=&#8220;off&#8220;][\/et_pb_button][\/et_pb_column][\/et_pb_row][\/et_pb_section]<\/p>\n","protected":false},"excerpt":{"rendered":"<p>[et_pb_section fb_built=&#8220;1&#8243; custom_padding_last_edited=&#8220;on|phone&#8220; admin_label=&#8220;Header&#8220; _builder_version=&#8220;4.4.2&#8243; background_color=&#8220;#d1d1d1&#8243; use_background_color_gradient=&#8220;on&#8220; background_color_gradient_start=&#8220;rgba(255,255,255,0)&#8220; background_color_gradient_end=&#8220;#ffffff&#8220; background_color_gradient_type=&#8220;radial&#8220; background_color_gradient_direction_radial=&#8220;right&#8220; background_color_gradient_end_position=&#8220;70%&#8220; background_color_gradient_overlays_image=&#8220;on&#8220; background_enable_image=&#8220;off&#8220; background_size=&#8220;contain&#8220; custom_margin=&#8220;|||&#8220; custom_padding=&#8220;0vw||0vw||true|false&#8220; custom_padding_tablet=&#8220;||||false|false&#8220; custom_padding_phone=&#8220;||||false|false&#8220; border_radii=&#8220;||||10vw&#8220; box_shadow_style=&#8220;preset3&#8243; box_shadow_vertical=&#8220;-3px&#8220; box_shadow_blur=&#8220;30px&#8220; box_shadow_spread=&#8220;-38px&#8220; box_shadow_color=&#8220;#000000&#8243;][et_pb_row column_structure=&#8220;3_5,2_5&#8243; _builder_version=&#8220;4.4.2&#8243;][et_pb_column type=&#8220;3_5&#8243; _builder_version=&#8220;3.25&#8243; custom_padding=&#8220;|||&#8220; custom_padding__hover=&#8220;|||&#8220;][et_pb_text _builder_version=&#8220;3.27.4&#8243; text_font=&#8220;||||||||&#8220; header_font=&#8220;Cantata One||||||||&#8220; header_font_size=&#8220;50px&#8220; header_line_height=&#8220;1.4em&#8220; header_2_font=&#8220;||||||||&#8220; header_2_text_color=&#8220;rgba(0,0,0,0.35)&#8220; header_2_font_size=&#8220;20px&#8220; header_2_line_height=&#8220;1.6em&#8220; animation_style=&#8220;slide&#8220; animation_direction=&#8220;bottom&#8220; header_font_size_tablet=&#8220;35px&#8220; header_font_size_phone=&#8220;25px&#8220; header_font_size_last_edited=&#8220;on|desktop&#8220;] Preisliste\u00a0 Beate Schweers, Ihr Hypnose Coach [\/et_pb_text][\/et_pb_column][et_pb_column type=&#8220;2_5&#8243; _builder_version=&#8220;3.25&#8243; [&hellip;]<\/p>\n","protected":false},"author":2,"featured_media":0,"parent":0,"menu_order":0,"comment_status":"closed","ping_status":"closed","template":"","meta":{"_et_pb_use_builder":"on","_et_pb_old_content":"","_et_gb_content_width":"","footnotes":""},"class_list":["post-990","page","type-page","status-publish","hentry"],"_links":{"self":[{"href":"https:\/\/hypnose-in-moers.de\/index.php?rest_route=\/wp\/v2\/pages\/990","targetHints":{"allow":["GET"]}}],"collection":[{"href":"https:\/\/hypnose-in-moers.de\/index.php?rest_route=\/wp\/v2\/pages"}],"about":[{"href":"https:\/\/hypnose-in-moers.de\/index.php?rest_route=\/wp\/v2\/types\/page"}],"author":[{"embeddable":true,"href":"https:\/\/hypnose-in-moers.de\/index.php?rest_route=\/wp\/v2\/users\/2"}],"replies":[{"embeddable":true,"href":"https:\/\/hypnose-in-moers.de\/index.php?rest_route=%2Fwp%2Fv2%2Fcomments&post=990"}],"version-history":[{"count":75,"href":"https:\/\/hypnose-in-moers.de\/index.php?rest_route=\/wp\/v2\/pages\/990\/revisions"}],"predecessor-version":[{"id":1559,"href":"https:\/\/hypnose-in-moers.de\/index.php?rest_route=\/wp\/v2\/pages\/990\/revisions\/1559"}],"wp:attachment":[{"href":"https:\/\/hypnose-in-moers.de\/index.php?rest_route=%2Fwp%2Fv2%2Fmedia&parent=990"}],"curies":[{"name":"wp","href":"https:\/\/api.w.org\/{rel}","templated":true}]}}