{"id":916,"date":"2020-10-29T18:31:15","date_gmt":"2020-10-29T18:31:15","guid":{"rendered":"http:\/\/hypnose-in-moers.de\/?page_id=916"},"modified":"2026-01-03T13:57:21","modified_gmt":"2026-01-03T13:57:21","slug":"gewichtsreduktion-online","status":"publish","type":"page","link":"https:\/\/hypnose-in-moers.de\/?page_id=916","title":{"rendered":"Gewichtsreduktion in der Gruppe"},"content":{"rendered":"<p>[et_pb_section fb_built=&#8220;1&#8243; custom_padding_last_edited=&#8220;on|phone&#8220; admin_label=&#8220;Header&#8220; _builder_version=&#8220;4.4.2&#8243; background_color=&#8220;#d1d1d1&#8243; use_background_color_gradient=&#8220;on&#8220; background_color_gradient_start=&#8220;rgba(255,255,255,0)&#8220; background_color_gradient_end=&#8220;#ffffff&#8220; background_color_gradient_type=&#8220;radial&#8220; background_color_gradient_direction_radial=&#8220;right&#8220; background_color_gradient_end_position=&#8220;70%&#8220; background_color_gradient_overlays_image=&#8220;on&#8220; background_enable_image=&#8220;off&#8220; background_size=&#8220;contain&#8220; custom_margin=&#8220;|||&#8220; custom_padding=&#8220;0vw||0vw||true|false&#8220; custom_padding_tablet=&#8220;||||false|false&#8220; custom_padding_phone=&#8220;||||false|false&#8220; border_radii=&#8220;||||10vw&#8220; box_shadow_style=&#8220;preset3&#8243; box_shadow_vertical=&#8220;-3px&#8220; box_shadow_blur=&#8220;30px&#8220; box_shadow_spread=&#8220;6px&#8220; box_shadow_color=&#8220;#000000&#8243;][et_pb_row column_structure=&#8220;3_5,2_5&#8243; _builder_version=&#8220;4.4.2&#8243;][et_pb_column type=&#8220;3_5&#8243; _builder_version=&#8220;3.25&#8243; custom_padding=&#8220;|||&#8220; custom_padding__hover=&#8220;|||&#8220;][et_pb_text _builder_version=&#8220;4.4.2&#8243; text_font=&#8220;||||||||&#8220; header_font=&#8220;Cantata One||||||||&#8220; header_font_size=&#8220;50px&#8220; header_line_height=&#8220;1.4em&#8220; header_2_font=&#8220;||||||||&#8220; header_2_text_color=&#8220;rgba(0,0,0,0.35)&#8220; header_2_font_size=&#8220;20px&#8220; header_2_line_height=&#8220;1.6em&#8220; animation_style=&#8220;slide&#8220; animation_direction=&#8220;bottom&#8220; header_font_size_tablet=&#8220;35px&#8220; header_font_size_phone=&#8220;25px&#8220; header_font_size_last_edited=&#8220;on|desktop&#8220;]<\/p>\n<h1>Gewichtsreduktion<\/h1>\n<h1><span style=\"color: rgba(0, 0, 0, 0.35); font-size: 20px; font-family: 'Open Sans', Arial, sans-serif;\">Beate Schweers, Ihr Hypnose Coach<\/span><\/h1>\n<p>&nbsp;<br \/>\n[\/et_pb_text][\/et_pb_column][et_pb_column type=&#8220;2_5&#8243; _builder_version=&#8220;3.25&#8243; custom_padding=&#8220;15px|||&#8220; custom_padding__hover=&#8220;|||&#8220;][\/et_pb_column][\/et_pb_row][\/et_pb_section][et_pb_section fb_built=&#8220;1&#8243; _builder_version=&#8220;4.4.2&#8243; background_color=&#8220;#f6f7fa&#8220; use_background_color_gradient=&#8220;on&#8220; background_color_gradient_start=&#8220;#ffffff&#8220; background_color_gradient_end=&#8220;#f6f7fa&#8220; custom_margin=&#8220;19px|||||&#8220; custom_padding=&#8220;58px|||||&#8220; top_divider_style=&#8220;mountains&#8220; top_divider_color=&#8220;#0c71c3&#8243; box_shadow_style=&#8220;preset3&#8243;][et_pb_row column_structure=&#8220;2_3,1_3&#8243; _builder_version=&#8220;4.4.2&#8243;][et_pb_column type=&#8220;2_3&#8243; _builder_version=&#8220;4.4.2&#8243;][et_pb_text _builder_version=&#8220;4.4.2&#8243; custom_padding=&#8220;||0px|||&#8220; hover_enabled=&#8220;0&#8243;]<\/p>\n<p><strong style=\"font-size: 14px;\"><img loading=\"lazy\" decoding=\"async\" class=\"wp-image-1052 aligncenter size-full\" src=\"https:\/\/hypnose-in-moers.de\/wp-content\/uploads\/2020\/11\/Gewichtsreduktion-2.jpg\" alt=\"\" width=\"443\" height=\"296\" \/><\/strong><\/p>\n<p><span style=\"font-size: 14px;\"><strong>Gewichtsreduktion als Gruppenangebot im Sparpaket mit 5 Sitzungen<\/strong><\/span><\/p>\n<p>Hypnose hilft Ihnen dabei, schnell und einfach abzunehmen und <strong>dauerhaft <\/strong>das Gewicht zu halten.<\/p>\n<p>Wie w\u00e4re es&#8230;?<\/p>\n<p>&#8211; wenn Sie ganz ohne Di\u00e4t und Reue beim Essen abnehmen und dauerhaft ihr optimales Gewicht halten k\u00f6nnen?<\/p>\n<p>&#8211; wenn Sie einfach S\u00fc\u00dfigkeiten widerstehen k\u00f6nnen?<\/p>\n<p>&#8211; wenn Sie konsequent Ihren Ern\u00e4hrungsplan einhalten k\u00f6nnen?<\/p>\n<p>&#8211; wenn ihr Stoffwechsel Sie optimal unterst\u00fctzt?<\/p>\n<p>&#8211; wenn Sie trotz Schildr\u00fcsen Problemen abnehmen k\u00f6nnten?<\/p>\n<p>&#8211; wenn Sie pl\u00f6tzlich Freude an Bewegung und Sport haben?<\/p>\n<p><strong>Ganz einfach ohne gro\u00dfe Anstrengung!<\/strong><\/p>\n<p>Die Gruppensitzungen finden jeweils 1x im Monat am Mittwoch von 18:30 &#8211; 20:00 Uhr statt.<\/p>\n<p><span style=\"text-decoration: underline;\">Start der neuen Gruppe:<\/span>\u00a0 \u00a0 <b>11.2.2026<\/b><\/p>\n<p>Die Mindestteilnehmerzahl sind 4 Personen.<\/p>\n<p>&nbsp;<\/p>\n<p><strong>Schnell sein lohnt sich!!!<\/strong><\/p>\n<p><strong><\/strong><\/p>\n<p>Vorab gibt es ein kurzes telefonisches Vorgespr\u00e4ch.<\/p>\n<p>Bei Interesse kontaktieren Sie mich bitte unter Tel. <span color=\"#0000ff\" style=\"color: #0000ff;\">01573 1097 395<\/span><\/p>\n<p>Das Paket ist selbstverst\u00e4ndlich auch als Gutschein erh\u00e4ltlich, sprechen Sie mich einfach an.<\/p>\n<p>&nbsp;<\/p>\n<p><strong>Warum dieses Gruppenangebot gut f\u00fcr Sie ist?<\/strong><\/p>\n<p>Sie haben die M\u00f6glichkeit, sich mit Gleichgesinnten auszutauschen, gegenseitig zu motivieren und <strong>sparen <span style=\"color: #ff0000;\">500\u20ac<\/span><\/strong>\u00a0im Vergleich zur Einzelsitzung.<\/p>\n<p>Bei jeder Sitzung findet zuerst ein Vorgespr\u00e4ch, dann die Hypnose und noch ein Nachgespr\u00e4ch statt. Die Hypnose in der Gruppe erzielt laut einiger Studien die gleichen Effekte wie eine Einzel Sitzung. Sie wird von mir <strong>verantwortungsvoll<\/strong> und <strong>professional <\/strong>durchgef\u00fchrt.<\/p>\n<p>Gerade in der heutigen Zeit, wo Dauerstress unser Leben beeinflusst ist es sehr wichtig auf seine Gesundheit zu achten. Dazu geh\u00f6rt auch gesunde und ausgewogene Ern\u00e4hrung sowie Sport. All das sind Dinge, die ich w\u00e4hrend der Hypnose tief in Ihrem Unterbewusstsein verankern werde. Sie sp\u00fcren nur, wie sich Ihr Verhalten \u00e4ndern wird, schon beim Einkaufen zieht es Sie hin zu gesunden Lebensmitteln und Sie haben auch wieder Freude an Bewegung.<\/p>\n<p>Um Ihr Bindegewebe wieder zu straffen und Ihren K\u00f6rper zu formen, empfehle ich parallel zur Hypnose ein angepasstes Fitnesstraining.<\/p>\n<p>Ich freue mich darauf Sie kennenzulernen!<\/p>\n<p>Hypnose Beate Schweers<\/p>\n<p>&nbsp;<\/p>\n<p><strong>5 Sitzungen a 90min f\u00fcr insgesamt nur 250 \u20ac anstatt\u00a0<span style=\"color: #ff0000;\">750\u20ac<\/span><\/strong><\/p>\n<p>&nbsp;<\/p>\n<p>&nbsp;<\/p>\n<p>[\/et_pb_text][\/et_pb_column][et_pb_column type=&#8220;1_3&#8243; _builder_version=&#8220;4.4.2&#8243;][\/et_pb_column][\/et_pb_row][\/et_pb_section][et_pb_section fb_built=&#8220;1&#8243; fullwidth=&#8220;on&#8220; admin_label=&#8220;Map&#8220; _builder_version=&#8220;3.22&#8243; background_color=&#8220;#f6f7fa&#8220; top_divider_style=&#8220;wave&#8220; top_divider_color=&#8220;#f6f7fa&#8220; top_divider_height=&#8220;14px&#8220; top_divider_repeat=&#8220;18x&#8220; top_divider_repeat_tablet=&#8220;9x&#8220; top_divider_repeat_phone=&#8220;4x&#8220; top_divider_repeat_last_edited=&#8220;on|phone&#8220;][\/et_pb_section]<\/p>\n","protected":false},"excerpt":{"rendered":"<p>[et_pb_section fb_built=&#8220;1&#8243; custom_padding_last_edited=&#8220;on|phone&#8220; admin_label=&#8220;Header&#8220; _builder_version=&#8220;4.4.2&#8243; background_color=&#8220;#d1d1d1&#8243; use_background_color_gradient=&#8220;on&#8220; background_color_gradient_start=&#8220;rgba(255,255,255,0)&#8220; background_color_gradient_end=&#8220;#ffffff&#8220; background_color_gradient_type=&#8220;radial&#8220; background_color_gradient_direction_radial=&#8220;right&#8220; background_color_gradient_end_position=&#8220;70%&#8220; background_color_gradient_overlays_image=&#8220;on&#8220; background_enable_image=&#8220;off&#8220; background_size=&#8220;contain&#8220; custom_margin=&#8220;|||&#8220; custom_padding=&#8220;0vw||0vw||true|false&#8220; custom_padding_tablet=&#8220;||||false|false&#8220; custom_padding_phone=&#8220;||||false|false&#8220; border_radii=&#8220;||||10vw&#8220; box_shadow_style=&#8220;preset3&#8243; box_shadow_vertical=&#8220;-3px&#8220; box_shadow_blur=&#8220;30px&#8220; box_shadow_spread=&#8220;6px&#8220; box_shadow_color=&#8220;#000000&#8243;][et_pb_row column_structure=&#8220;3_5,2_5&#8243; _builder_version=&#8220;4.4.2&#8243;][et_pb_column type=&#8220;3_5&#8243; _builder_version=&#8220;3.25&#8243; custom_padding=&#8220;|||&#8220; custom_padding__hover=&#8220;|||&#8220;][et_pb_text _builder_version=&#8220;4.4.2&#8243; text_font=&#8220;||||||||&#8220; header_font=&#8220;Cantata One||||||||&#8220; header_font_size=&#8220;50px&#8220; header_line_height=&#8220;1.4em&#8220; header_2_font=&#8220;||||||||&#8220; header_2_text_color=&#8220;rgba(0,0,0,0.35)&#8220; header_2_font_size=&#8220;20px&#8220; header_2_line_height=&#8220;1.6em&#8220; animation_style=&#8220;slide&#8220; animation_direction=&#8220;bottom&#8220; header_font_size_tablet=&#8220;35px&#8220; header_font_size_phone=&#8220;25px&#8220; header_font_size_last_edited=&#8220;on|desktop&#8220;] Gewichtsreduktion Beate Schweers, Ihr Hypnose Coach &nbsp; [\/et_pb_text][\/et_pb_column][et_pb_column type=&#8220;2_5&#8243; [&hellip;]<\/p>\n","protected":false},"author":2,"featured_media":0,"parent":0,"menu_order":0,"comment_status":"closed","ping_status":"closed","template":"","meta":{"_et_pb_use_builder":"on","_et_pb_old_content":"","_et_gb_content_width":"","footnotes":""},"class_list":["post-916","page","type-page","status-publish","hentry"],"_links":{"self":[{"href":"https:\/\/hypnose-in-moers.de\/index.php?rest_route=\/wp\/v2\/pages\/916","targetHints":{"allow":["GET"]}}],"collection":[{"href":"https:\/\/hypnose-in-moers.de\/index.php?rest_route=\/wp\/v2\/pages"}],"about":[{"href":"https:\/\/hypnose-in-moers.de\/index.php?rest_route=\/wp\/v2\/types\/page"}],"author":[{"embeddable":true,"href":"https:\/\/hypnose-in-moers.de\/index.php?rest_route=\/wp\/v2\/users\/2"}],"replies":[{"embeddable":true,"href":"https:\/\/hypnose-in-moers.de\/index.php?rest_route=%2Fwp%2Fv2%2Fcomments&post=916"}],"version-history":[{"count":46,"href":"https:\/\/hypnose-in-moers.de\/index.php?rest_route=\/wp\/v2\/pages\/916\/revisions"}],"predecessor-version":[{"id":1547,"href":"https:\/\/hypnose-in-moers.de\/index.php?rest_route=\/wp\/v2\/pages\/916\/revisions\/1547"}],"wp:attachment":[{"href":"https:\/\/hypnose-in-moers.de\/index.php?rest_route=%2Fwp%2Fv2%2Fmedia&parent=916"}],"curies":[{"name":"wp","href":"https:\/\/api.w.org\/{rel}","templated":true}]}}