{"id":818,"date":"2020-10-28T18:29:00","date_gmt":"2020-10-28T18:29:00","guid":{"rendered":"http:\/\/hypnose-in-moers.de\/?page_id=818"},"modified":"2024-06-27T14:03:14","modified_gmt":"2024-06-27T14:03:14","slug":"download-zoom","status":"publish","type":"page","link":"https:\/\/hypnose-in-moers.de\/?page_id=818","title":{"rendered":"Download Zoom"},"content":{"rendered":"<p>[et_pb_section fb_built=&#8220;1&#8243; custom_padding_last_edited=&#8220;on|phone&#8220; admin_label=&#8220;Header&#8220; _builder_version=&#8220;4.4.2&#8243; background_color=&#8220;#d1d1d1&#8243; use_background_color_gradient=&#8220;on&#8220; background_color_gradient_start=&#8220;rgba(255,255,255,0)&#8220; background_color_gradient_end=&#8220;#ffffff&#8220; background_color_gradient_type=&#8220;radial&#8220; background_color_gradient_direction_radial=&#8220;right&#8220; background_color_gradient_end_position=&#8220;70%&#8220; background_color_gradient_overlays_image=&#8220;on&#8220; background_enable_image=&#8220;off&#8220; background_size=&#8220;contain&#8220; custom_margin=&#8220;|||&#8220; custom_padding=&#8220;0vw||0vw||true|false&#8220; custom_padding_tablet=&#8220;||||false|false&#8220; custom_padding_phone=&#8220;||||false|false&#8220; border_radii=&#8220;||||10vw&#8220; box_shadow_style=&#8220;preset3&#8243; box_shadow_vertical=&#8220;-3px&#8220; box_shadow_blur=&#8220;30px&#8220; box_shadow_spread=&#8220;6px&#8220; box_shadow_color=&#8220;#000000&#8243;][et_pb_row column_structure=&#8220;3_5,2_5&#8243; _builder_version=&#8220;4.4.2&#8243;][et_pb_column type=&#8220;3_5&#8243; _builder_version=&#8220;3.25&#8243; custom_padding=&#8220;|||&#8220; custom_padding__hover=&#8220;|||&#8220;][et_pb_text _builder_version=&#8220;4.4.2&#8243; text_font=&#8220;||||||||&#8220; header_font=&#8220;Cantata One||||||||&#8220; header_font_size=&#8220;50px&#8220; header_line_height=&#8220;1.4em&#8220; header_2_font=&#8220;||||||||&#8220; header_2_text_color=&#8220;rgba(0,0,0,0.35)&#8220; header_2_font_size=&#8220;20px&#8220; header_2_line_height=&#8220;1.6em&#8220; animation_style=&#8220;slide&#8220; animation_direction=&#8220;bottom&#8220; header_font_size_tablet=&#8220;35px&#8220; header_font_size_phone=&#8220;25px&#8220; header_font_size_last_edited=&#8220;on|desktop&#8220;]<\/p>\n<h1>Download Zoom<\/h1>\n<h1><span style=\"color: rgba(0, 0, 0, 0.35); font-size: 20px; font-family: 'Open Sans', Arial, sans-serif;\">Beate Schweers, Ihr Hypnose Coach<\/span><\/h1>\n<p><span style=\"color: rgba(0, 0, 0, 0.35); font-size: 20px; font-family: 'Open Sans', Arial, sans-serif;\"><\/span><\/p>\n<p>[\/et_pb_text][\/et_pb_column][et_pb_column type=&#8220;2_5&#8243; _builder_version=&#8220;3.25&#8243; custom_padding=&#8220;15px|||&#8220; custom_padding__hover=&#8220;|||&#8220;][\/et_pb_column][\/et_pb_row][\/et_pb_section][et_pb_section fb_built=&#8220;1&#8243; _builder_version=&#8220;4.4.2&#8243; background_color=&#8220;#f6f7fa&#8220; use_background_color_gradient=&#8220;on&#8220; background_color_gradient_start=&#8220;#ffffff&#8220; background_color_gradient_end=&#8220;#f6f7fa&#8220; custom_margin=&#8220;19px|||||&#8220; custom_padding=&#8220;58px|||||&#8220; top_divider_style=&#8220;mountains&#8220; top_divider_color=&#8220;#0c71c3&#8243; box_shadow_style=&#8220;preset3&#8243;][et_pb_row column_structure=&#8220;2_3,1_3&#8243; _builder_version=&#8220;4.4.2&#8243; min_height=&#8220;273px&#8220;][et_pb_column type=&#8220;2_3&#8243; _builder_version=&#8220;4.4.2&#8243;][et_pb_text _builder_version=&#8220;4.4.2&#8243; link_option_url=&#8220;https:\/\/zoom.us\/client\/latest\/ZoomInstaller.exe&#8220; link_option_url_new_window=&#8220;on&#8220;]<\/p>\n<p>&nbsp;<\/p>\n<p>Gerne k\u00f6nnen wir auch Termine \u00fcber ZOOM f\u00fchren.<\/p>\n<p><img loading=\"lazy\" decoding=\"async\" src=\"https:\/\/hypnose-in-moers.de\/wp-content\/uploads\/2020\/10\/ZoomLogo.png\" width=\"220\" height=\"50\" alt=\"\" class=\"wp-image-831 alignnone size-full\" \/><\/p>\n<p>Zoom f\u00fcr Meetings <span style=\"color: #ff0000;\">Download<\/span><\/p>\n<p>[\/et_pb_text][\/et_pb_column][et_pb_column type=&#8220;1_3&#8243; _builder_version=&#8220;4.4.2&#8243;][\/et_pb_column][\/et_pb_row][\/et_pb_section][et_pb_section fb_built=&#8220;1&#8243; fullwidth=&#8220;on&#8220; admin_label=&#8220;Map&#8220; _builder_version=&#8220;3.22&#8243; background_color=&#8220;#f6f7fa&#8220; top_divider_style=&#8220;wave&#8220; top_divider_color=&#8220;#f6f7fa&#8220; top_divider_height=&#8220;14px&#8220; top_divider_repeat=&#8220;18x&#8220; top_divider_repeat_tablet=&#8220;9x&#8220; top_divider_repeat_phone=&#8220;4x&#8220; top_divider_repeat_last_edited=&#8220;on|phone&#8220;][\/et_pb_section]<\/p>\n","protected":false},"excerpt":{"rendered":"<p>[et_pb_section fb_built=&#8220;1&#8243; custom_padding_last_edited=&#8220;on|phone&#8220; admin_label=&#8220;Header&#8220; _builder_version=&#8220;4.4.2&#8243; background_color=&#8220;#d1d1d1&#8243; use_background_color_gradient=&#8220;on&#8220; background_color_gradient_start=&#8220;rgba(255,255,255,0)&#8220; background_color_gradient_end=&#8220;#ffffff&#8220; background_color_gradient_type=&#8220;radial&#8220; background_color_gradient_direction_radial=&#8220;right&#8220; background_color_gradient_end_position=&#8220;70%&#8220; background_color_gradient_overlays_image=&#8220;on&#8220; background_enable_image=&#8220;off&#8220; background_size=&#8220;contain&#8220; custom_margin=&#8220;|||&#8220; custom_padding=&#8220;0vw||0vw||true|false&#8220; custom_padding_tablet=&#8220;||||false|false&#8220; custom_padding_phone=&#8220;||||false|false&#8220; border_radii=&#8220;||||10vw&#8220; box_shadow_style=&#8220;preset3&#8243; box_shadow_vertical=&#8220;-3px&#8220; box_shadow_blur=&#8220;30px&#8220; box_shadow_spread=&#8220;6px&#8220; box_shadow_color=&#8220;#000000&#8243;][et_pb_row column_structure=&#8220;3_5,2_5&#8243; _builder_version=&#8220;4.4.2&#8243;][et_pb_column type=&#8220;3_5&#8243; _builder_version=&#8220;3.25&#8243; custom_padding=&#8220;|||&#8220; custom_padding__hover=&#8220;|||&#8220;][et_pb_text _builder_version=&#8220;4.4.2&#8243; text_font=&#8220;||||||||&#8220; header_font=&#8220;Cantata One||||||||&#8220; header_font_size=&#8220;50px&#8220; header_line_height=&#8220;1.4em&#8220; header_2_font=&#8220;||||||||&#8220; header_2_text_color=&#8220;rgba(0,0,0,0.35)&#8220; header_2_font_size=&#8220;20px&#8220; header_2_line_height=&#8220;1.6em&#8220; animation_style=&#8220;slide&#8220; animation_direction=&#8220;bottom&#8220; header_font_size_tablet=&#8220;35px&#8220; header_font_size_phone=&#8220;25px&#8220; header_font_size_last_edited=&#8220;on|desktop&#8220;] Download Zoom Beate Schweers, Ihr Hypnose Coach [\/et_pb_text][\/et_pb_column][et_pb_column type=&#8220;2_5&#8243; [&hellip;]<\/p>\n","protected":false},"author":2,"featured_media":0,"parent":0,"menu_order":0,"comment_status":"closed","ping_status":"closed","template":"","meta":{"_et_pb_use_builder":"on","_et_pb_old_content":"","_et_gb_content_width":"","footnotes":""},"class_list":["post-818","page","type-page","status-publish","hentry"],"_links":{"self":[{"href":"https:\/\/hypnose-in-moers.de\/index.php?rest_route=\/wp\/v2\/pages\/818","targetHints":{"allow":["GET"]}}],"collection":[{"href":"https:\/\/hypnose-in-moers.de\/index.php?rest_route=\/wp\/v2\/pages"}],"about":[{"href":"https:\/\/hypnose-in-moers.de\/index.php?rest_route=\/wp\/v2\/types\/page"}],"author":[{"embeddable":true,"href":"https:\/\/hypnose-in-moers.de\/index.php?rest_route=\/wp\/v2\/users\/2"}],"replies":[{"embeddable":true,"href":"https:\/\/hypnose-in-moers.de\/index.php?rest_route=%2Fwp%2Fv2%2Fcomments&post=818"}],"version-history":[{"count":13,"href":"https:\/\/hypnose-in-moers.de\/index.php?rest_route=\/wp\/v2\/pages\/818\/revisions"}],"predecessor-version":[{"id":1450,"href":"https:\/\/hypnose-in-moers.de\/index.php?rest_route=\/wp\/v2\/pages\/818\/revisions\/1450"}],"wp:attachment":[{"href":"https:\/\/hypnose-in-moers.de\/index.php?rest_route=%2Fwp%2Fv2%2Fmedia&parent=818"}],"curies":[{"name":"wp","href":"https:\/\/api.w.org\/{rel}","templated":true}]}}