{"id":59,"date":"2020-03-30T03:47:10","date_gmt":"2020-03-30T03:47:10","guid":{"rendered":"http:\/\/hypnose-in-moers.de\/?page_id=59"},"modified":"2025-10-03T11:51:34","modified_gmt":"2025-10-03T11:51:34","slug":"ueber-mich","status":"publish","type":"page","link":"https:\/\/hypnose-in-moers.de\/?page_id=59","title":{"rendered":"\u00dcber Mich"},"content":{"rendered":"<p>[et_pb_section fb_built=&#8220;1&#8243; custom_padding_last_edited=&#8220;on|phone&#8220; admin_label=&#8220;Header&#8220; _builder_version=&#8220;3.22&#8243; use_background_color_gradient=&#8220;on&#8220; background_color_gradient_start=&#8220;#f6f7fa&#8220; background_color_gradient_end=&#8220;#ffffff&#8220; background_color_gradient_overlays_image=&#8220;on&#8220; background_position=&#8220;center_right&#8220; custom_margin=&#8220;|||&#8220; custom_padding=&#8220;0vw||0vw||true|false&#8220; custom_padding_tablet=&#8220;||||false|false&#8220; custom_padding_phone=&#8220;||||false|false&#8220;][et_pb_row _builder_version=&#8220;3.25&#8243;][et_pb_column type=&#8220;4_4&#8243; _builder_version=&#8220;3.25&#8243; custom_padding=&#8220;|||&#8220; custom_padding__hover=&#8220;|||&#8220;][et_pb_text _builder_version=&#8220;3.27.4&#8243; text_font=&#8220;||||||||&#8220; header_font=&#8220;Cantata One||||||||&#8220; header_font_size=&#8220;50px&#8220; header_line_height=&#8220;1.4em&#8220; header_2_font=&#8220;||||||||&#8220; header_2_text_color=&#8220;rgba(0,0,0,0.35)&#8220; header_2_font_size=&#8220;20px&#8220; header_2_line_height=&#8220;1.6em&#8220; text_orientation=&#8220;center&#8220; animation_style=&#8220;slide&#8220; animation_direction=&#8220;bottom&#8220; header_font_size_tablet=&#8220;35px&#8220; header_font_size_phone=&#8220;25px&#8220; header_font_size_last_edited=&#8220;on|desktop&#8220;]<\/p>\n<h1>\u00dcber Mich<\/h1>\n<p>[\/et_pb_text][\/et_pb_column][\/et_pb_row][\/et_pb_section][et_pb_section fb_built=&#8220;1&#8243; admin_label=&#8220;About&#8220; _builder_version=&#8220;4.4.2&#8243; background_color_gradient_direction=&#8220;90deg&#8220; background_image=&#8220;https:\/\/hypnose-in-moers.de\/wp-content\/uploads\/2020\/03\/dentist-13.png&#8220; background_size=&#8220;initial&#8220; background_position=&#8220;top_right&#8220; custom_padding=&#8220;0|0px|0|0px|false|false&#8220;][et_pb_row column_structure=&#8220;2_5,3_5&#8243; custom_padding_last_edited=&#8220;on|desktop&#8220; _builder_version=&#8220;4.4.2&#8243; background_color=&#8220;rgba(196,221,255,0.49)&#8220; background_color_gradient_direction=&#8220;75deg&#8220; max_width=&#8220;1280px&#8220; module_alignment=&#8220;center&#8220; custom_margin=&#8220;||50px||false|false&#8220; custom_margin_last_edited=&#8220;off|desktop&#8220; custom_padding=&#8220;27px|0|90px|5vw|false|false&#8220; custom_padding_tablet=&#8220;|5vw||5vw||true&#8220; custom_padding_phone=&#8220;|5vw||5vw||true&#8220; animation_style=&#8220;zoom&#8220; animation_direction=&#8220;top&#8220; animation_intensity_zoom=&#8220;1%&#8220; border_radii=&#8220;|10vw||10vw|&#8220; box_shadow_style=&#8220;preset1&#8243; box_shadow_horizontal=&#8220;60px&#8220; box_shadow_vertical=&#8220;0px&#8220; box_shadow_blur=&#8220;60px&#8220; box_shadow_spread=&#8220;-40px&#8220; box_shadow_color=&#8220;rgba(0,121,255,0.1)&#8220; use_custom_width=&#8220;on&#8220; custom_width_px=&#8220;1280px&#8220;][et_pb_column type=&#8220;2_5&#8243; _builder_version=&#8220;3.25&#8243; custom_padding=&#8220;60px|||&#8220; custom_padding_tablet=&#8220;40px|||&#8220; custom_padding_phone=&#8220;20px|||&#8220; custom_padding_last_edited=&#8220;off|desktop&#8220; padding_phone=&#8220;20px|||&#8220; padding_tablet=&#8220;40px|||&#8220; padding_last_edited=&#8220;off|desktop&#8220; custom_padding__hover=&#8220;|||&#8220;][et_pb_text _builder_version=&#8220;4.4.2&#8243; text_font=&#8220;Open Sans||||||||&#8220; text_line_height=&#8220;2em&#8220; ul_font=&#8220;||||||||&#8220; ol_font=&#8220;||||||||&#8220; header_font=&#8220;||||||||&#8220; header_2_font=&#8220;Cantata One||||||||&#8220; header_2_font_size=&#8220;40px&#8220; header_2_line_height=&#8220;1.4em&#8220; background_layout=&#8220;dark&#8220; header_2_font_size_tablet=&#8220;35px&#8220; header_2_font_size_phone=&#8220;25px&#8220; header_2_font_size_last_edited=&#8220;on|phone&#8220;]<\/p>\n<h2><span style=\"color: #000000;\">Beate Schweers\u00a0 \u00a0 \u00a0 \u00a0\u00a0<\/span><\/h2>\n<p><span style=\"color: #000000;\">Mein Leben ist gepr\u00e4gt durch st\u00e4ndige <strong>Ver\u00e4nderung, Krankheit<\/strong>\u00a0 und einige <strong>Krisen<\/strong> \u00a0welche mich stetig voran gebracht und meine Pers\u00f6nlichkeit immer mehr <strong>gest\u00e4rkt <\/strong>haben.<\/span><\/p>\n<p><span style=\"color: #000000;\">Ein Wunsch von mir war schon immer Menschen und ihre Beweggr\u00fcnde zu verstehen und Schw\u00e4chere zu st\u00e4rken.<\/span><\/p>\n<p><span style=\"color: #000000;\">Nach einer privaten schweren Krise 2009, entschloss ich mich endlich dazu ein Fernstudium im Bereich <strong>psychologische Beratung \u2013 Coaching<\/strong> zu beginnen. Das war wie sich sp\u00e4ter herausstellen sollte genau das, wonach ich immer suchte. Ich lernte dabei unter anderem NLP, systemische Beratung, <strong>kognitive Umstrukturierung<\/strong>, Konfliktberatung und Krisenintervention kennen. Im 5 t\u00e4gigen Abschlussseminar durfte ich mein Wissen anwenden und vertiefen und machte erste Erfahrung mit <strong>Hypnose,<\/strong> Monodrama, Psychodrama und <strong>l\u00f6sungsorientierter Beratung.<\/strong><\/span><\/p>\n<p><span style=\"color: #000000;\">Noch w\u00e4hrend dieses Fernstudiums wurde ich schwer krank und konnte dank der <strong>Hypnose <\/strong>langsam meine Medikamente absetzen und meine Lebensfreude zur\u00fcck gewinnen. Auch meine Schmerzen verschwanden mit der Zeit, was selbst meinen Arzt erstaunte.<\/span><\/p>\n<p><span style=\"color: #000000;\">Die Faszination f\u00fcr Hypnose hat mich seitdem nicht mehr losgelassen, was dazu f\u00fchrte das ich viele weitere <strong>Hypnose Seminare<\/strong> zu verschiedenen Themen besuchte und mich auch in Zukunft st\u00e4ndig weiterbilden werde.<\/span><\/p>\n<p><span style=\"color: #000000;\">Jetzt ist es mein Wunsch, auch Ihnen Hypnose und deren wunderbare M\u00f6glichkeiten n\u00e4her zu bringen.<\/span><\/p>\n<p><span style=\"color: #000000;\">Sie ein St\u00fcck zu begleiten und Ihnen bei Ihrem Problem zu einer L\u00f6sung zu verhelfen.<\/span><\/p>\n<p><span style=\"color: #000000;\">Daf\u00fcr nutze ich bei der Hypnose unterschiedliche Methoden, wie die\u00a0 Teilearbeit, Blockadenl\u00f6sung, Regression, DK und positive Suggestionen um Sie individuell und bestm\u00f6glich zu unterst\u00fctzen!<\/span><\/p>\n<p><span style=\"color: #000000;\">Ich freue mich darauf Sie kennenzulernen!<\/span><\/p>\n<p><span style=\"color: #000000;\">\u00a0<\/span><\/p>\n<p>[\/et_pb_text][\/et_pb_column][et_pb_column type=&#8220;3_5&#8243; _builder_version=&#8220;4.4.2&#8243; custom_padding=&#8220;|||&#8220; custom_padding_tablet=&#8220;40px|||&#8220; custom_padding_phone=&#8220;20px|||&#8220; custom_padding_last_edited=&#8220;off|desktop&#8220; padding_phone=&#8220;20px|||&#8220; padding_tablet=&#8220;40px|||&#8220; padding_last_edited=&#8220;off|desktop&#8220; custom_padding__hover=&#8220;|||&#8220;][et_pb_image src=&#8220;https:\/\/hypnose-in-moers.de\/wp-content\/uploads\/2020\/06\/Bild-schweers-sofa.png&#8220; _builder_version=&#8220;4.4.2&#8243; max_width=&#8220;49%&#8220; custom_padding=&#8220;3px|||||&#8220;][\/et_pb_image][et_pb_text _builder_version=&#8220;4.4.2&#8243; text_font=&#8220;||||||||&#8220; ul_font=&#8220;|700|||||||&#8220; ul_line_height=&#8220;2em&#8220; background_layout=&#8220;dark&#8220; custom_margin=&#8220;||4px|||&#8220; custom_padding=&#8220;||39px|||&#8220; locked=&#8220;off&#8220;]<\/p>\n<ul>\n<li><strong><span style=\"color: #000000;\">Psy<\/span><span style=\"color: #000000;\">chologische<\/span><span style=\"color: #000000;\"> Beratung \u2013 Coaching <\/span><\/strong><span style=\"color: #000000;\">(2009-2011 ILS, Fernstudium)<\/span><\/li>\n<li><strong><span style=\"color: #000000;\">Coaching Seminar <\/span><\/strong><span style=\"color: #000000;\">(2011 Dr. Bj\u00f6rn Migge)<\/span><\/li>\n<li><strong><span style=\"color: #000000;\">Ausbildung Hypnotiseurin <\/span><\/strong><span style=\"color: #000000;\">(2016 TMI)<\/span><\/li>\n<li><strong><span style=\"color: #000000;\">Ausbildung Hypnotiseurin Advanced Level <\/span><\/strong><span style=\"color: #000000;\">(2017 TMI)<\/span><\/li>\n<li><strong><span style=\"color: #000000;\">L\u00fcscher-Color-Diagnostik u. Hypnose <\/span><\/strong><span style=\"color: #000000;\">(2017 TMI)<\/span><\/li>\n<li><span style=\"color: #000000;\"><strong>Vorbereitung Heilpraktiker f\u00fcr Psychotherapie<\/strong> (2017-2019 Heilpraktikererfolg, Franziska Luschas)<\/span><\/li>\n<li><strong><span style=\"color: #000000;\">Medizinische Hypnose <\/span><\/strong><span style=\"color: #000000;\">(2018 TMI)<\/span><\/li>\n<li><span style=\"color: #000000;\"><strong>\u00c4ngste, Phobien und Zw\u00e4nge,Traumatherapie<\/strong><\/span><\/li>\n<li><span style=\"color: #000000;\"><strong>Schmerztherapie und Analgesie, Depression und Burn-out<\/strong><\/span><\/li>\n<li><span style=\"font-size: 14px;\"><span style=\"color: #000000;\"><strong>zertifizierte Soul&amp;Parts Therapeutin<\/strong> <\/span><span style=\"color: #000000;\">(2019 Mike Schwarz)\u00a0\u00a0<\/span><\/span><\/li>\n<li><span style=\"font-size: 14px;\"><strong><span style=\"color: #000000;\">Online-Hypnose Konzept <\/span><\/strong><span style=\"color: #000000;\">(TOK 2020 TMI)<\/span><\/span><\/li>\n<li><span style=\"font-size: 14px;\"><strong><span style=\"color: #000000;\">Hypnoanalytische Teilearbeit <\/span><\/strong><span style=\"color: #000000;\">(2020 Akademie Vanheiden)<\/span><\/span><\/li>\n<li><span style=\"font-size: 14px;\"><strong><span style=\"color: #000000;\">Abnehmen mit Hypnose<\/span><\/strong><span style=\"color: #000000;\"> (2021 TMI)<\/span><\/span><\/li>\n<li><span style=\"color: #000000;\"><strong>Mesmerisieren, Regression, DK Verfahren\u00a0<\/strong>(2022 Friedbert Becker)<\/span><\/li>\n<li><span style=\"color: #000000;\"><strong>Prokrastination<\/strong> (TMI 2024)<\/span><\/li>\n<li><span style=\"color: #000000;\"><strong>Hypnotherapie, Regression, DK Anwender, Mesmerismus und Coaching<\/strong> (2024 Friedbert Becker)<\/span><\/li>\n<li><span color=\"#000000\" style=\"color: #000000;\"><b>Integration des Inneren Kindes (<\/b>TMI 2025<b>)<\/b><\/span><\/li>\n<li><span color=\"#000000\" style=\"color: #000000;\"><b>Selbstwert &amp; Selbstliebe XL (<\/b>TMI 2025<b>)<\/b><\/span><\/li>\n<\/ul>\n<p><strong>\u00a0 \u00a0 \u00a0 \u00a0 \u00a0<\/strong><\/p>\n<p><span style=\"font-size: 14px;\"><strong><span style=\"color: #000000;\">\u00a0<\/span><\/strong><\/span><\/p>\n<p>[\/et_pb_text][et_pb_button button_url=&#8220;@ET-DC@eyJkeW5hbWljIjp0cnVlLCJjb250ZW50IjoicG9zdF9saW5rX3VybF9wYWdlIiwic2V0dGluZ3MiOnsicG9zdF9pZCI6IjU1In19@&#8220; button_text=&#8220;Termin Vereinbaren&#8220; button_alignment=&#8220;center&#8220; _builder_version=&#8220;4.4.2&#8243; _dynamic_attributes=&#8220;button_url&#8220; custom_button=&#8220;on&#8220; button_text_size=&#8220;16px&#8220; button_text_color=&#8220;#ffffff&#8220; button_bg_color=&#8220;#ef9300&#8243; button_border_width=&#8220;7px&#8220; button_border_color=&#8220;rgba(0,0,0,0)&#8220; button_border_radius=&#8220;100px&#8220; button_font=&#8220;Open Sans|700|||||||&#8220; animation_style=&#8220;slide&#8220; animation_direction=&#8220;bottom&#8220; button_text_color_hover=&#8220;#ffffff&#8220; button_border_color_hover=&#8220;rgba(0,0,0,0)&#8220; button_border_radius_hover=&#8220;100px&#8220; button_bg_color_hover=&#8220;#0059c3&#8243; button_text_size__hover_enabled=&#8220;off&#8220; button_one_text_size__hover_enabled=&#8220;off&#8220; button_two_text_size__hover_enabled=&#8220;off&#8220; button_text_color__hover_enabled=&#8220;on&#8220; button_text_color__hover=&#8220;#ffffff&#8220; button_one_text_color__hover_enabled=&#8220;off&#8220; button_two_text_color__hover_enabled=&#8220;off&#8220; button_border_width__hover_enabled=&#8220;off&#8220; button_one_border_width__hover_enabled=&#8220;off&#8220; button_two_border_width__hover_enabled=&#8220;off&#8220; button_border_color__hover_enabled=&#8220;on&#8220; button_border_color__hover=&#8220;rgba(0,0,0,0)&#8220; button_one_border_color__hover_enabled=&#8220;off&#8220; button_two_border_color__hover_enabled=&#8220;off&#8220; button_border_radius__hover_enabled=&#8220;on&#8220; button_border_radius__hover=&#8220;100px&#8220; button_one_border_radius__hover_enabled=&#8220;off&#8220; button_two_border_radius__hover_enabled=&#8220;off&#8220; button_letter_spacing__hover_enabled=&#8220;off&#8220; button_one_letter_spacing__hover_enabled=&#8220;off&#8220; button_two_letter_spacing__hover_enabled=&#8220;off&#8220; button_bg_color__hover_enabled=&#8220;on&#8220; button_bg_color__hover=&#8220;#0059c3&#8243; button_one_bg_color__hover_enabled=&#8220;off&#8220; button_two_bg_color__hover_enabled=&#8220;off&#8220;][\/et_pb_button][et_pb_button button_url=&#8220;@ET-DC@eyJkeW5hbWljIjp0cnVlLCJjb250ZW50IjoicG9zdF9saW5rX3VybF9wYWdlIiwic2V0dGluZ3MiOnsicG9zdF9pZCI6IjI3OSJ9fQ==@&#8220; button_text=&#8220;Zertifikate&#8220; button_alignment=&#8220;center&#8220; _builder_version=&#8220;4.4.2&#8243; _dynamic_attributes=&#8220;button_url&#8220; custom_button=&#8220;on&#8220; button_text_size=&#8220;16px&#8220; button_text_color=&#8220;#ffffff&#8220; button_bg_color=&#8220;#ef9300&#8243; button_border_width=&#8220;7px&#8220; button_border_color=&#8220;rgba(0,0,0,0)&#8220; button_border_radius=&#8220;100px&#8220; button_font=&#8220;Open Sans|700|||||||&#8220; animation_style=&#8220;slide&#8220; animation_direction=&#8220;bottom&#8220; button_text_color_hover=&#8220;#ffffff&#8220; button_border_color_hover=&#8220;rgba(0,0,0,0)&#8220; button_border_radius_hover=&#8220;100px&#8220; button_bg_color_hover=&#8220;#0059c3&#8243; button_text_size__hover_enabled=&#8220;off&#8220; button_one_text_size__hover_enabled=&#8220;off&#8220; button_two_text_size__hover_enabled=&#8220;off&#8220; button_text_color__hover_enabled=&#8220;on&#8220; button_text_color__hover=&#8220;#ffffff&#8220; button_one_text_color__hover_enabled=&#8220;off&#8220; button_two_text_color__hover_enabled=&#8220;off&#8220; button_border_width__hover_enabled=&#8220;off&#8220; button_one_border_width__hover_enabled=&#8220;off&#8220; button_two_border_width__hover_enabled=&#8220;off&#8220; button_border_color__hover_enabled=&#8220;on&#8220; button_border_color__hover=&#8220;rgba(0,0,0,0)&#8220; button_one_border_color__hover_enabled=&#8220;off&#8220; button_two_border_color__hover_enabled=&#8220;off&#8220; button_border_radius__hover_enabled=&#8220;on&#8220; button_border_radius__hover=&#8220;100px&#8220; button_one_border_radius__hover_enabled=&#8220;off&#8220; button_two_border_radius__hover_enabled=&#8220;off&#8220; button_letter_spacing__hover_enabled=&#8220;off&#8220; button_one_letter_spacing__hover_enabled=&#8220;off&#8220; button_two_letter_spacing__hover_enabled=&#8220;off&#8220; button_bg_color__hover_enabled=&#8220;on&#8220; button_bg_color__hover=&#8220;#0059c3&#8243; button_one_bg_color__hover_enabled=&#8220;off&#8220; button_two_bg_color__hover_enabled=&#8220;off&#8220;][\/et_pb_button][\/et_pb_column][\/et_pb_row][et_pb_row column_structure=&#8220;1_4,1_4,1_4,1_4&#8243; _builder_version=&#8220;4.4.2&#8243;][et_pb_column type=&#8220;1_4&#8243; _builder_version=&#8220;4.4.2&#8243;][et_pb_image src=&#8220;https:\/\/hypnose-in-moers.de\/wp-content\/uploads\/2020\/07\/image003.gif&#8220; _builder_version=&#8220;4.4.2&#8243; max_width=&#8220;57%&#8220; max_width_tablet=&#8220;&#8220; max_width_phone=&#8220;57%&#8220; max_width_last_edited=&#8220;on|phone&#8220; module_alignment=&#8220;center&#8220;][\/et_pb_image][\/et_pb_column][et_pb_column type=&#8220;1_4&#8243; _builder_version=&#8220;4.4.2&#8243;][et_pb_image src=&#8220;https:\/\/hypnose-in-moers.de\/wp-content\/uploads\/2025\/10\/Selbstwert-Selbstliebe-Logo.jpg&#8220; _builder_version=&#8220;4.4.2&#8243; hover_enabled=&#8220;0&#8243; custom_padding=&#8220;|15px||||&#8220; custom_margin=&#8220;||-37px|||&#8220; width=&#8220;64.7%&#8220;][\/et_pb_image][\/et_pb_column][et_pb_column type=&#8220;1_4&#8243; _builder_version=&#8220;4.4.2&#8243;][et_pb_image src=&#8220;https:\/\/hypnose-in-moers.de\/wp-content\/uploads\/2020\/07\/image002-1.gif&#8220; _builder_version=&#8220;4.4.2&#8243; max_width=&#8220;57%&#8220; max_width_tablet=&#8220;&#8220; max_width_phone=&#8220;57%&#8220; max_width_last_edited=&#8220;on|phone&#8220; module_alignment=&#8220;center&#8220;][\/et_pb_image][\/et_pb_column][et_pb_column type=&#8220;1_4&#8243; _builder_version=&#8220;4.4.2&#8243;][et_pb_image src=&#8220;https:\/\/hypnose-in-moers.de\/wp-content\/uploads\/2020\/07\/ILS-Logo_2018_Web_pur.png&#8220; _builder_version=&#8220;4.4.2&#8243; max_width=&#8220;57%&#8220; max_width_tablet=&#8220;&#8220; max_width_phone=&#8220;57%&#8220; max_width_last_edited=&#8220;on|phone&#8220; module_alignment=&#8220;center&#8220;][\/et_pb_image][\/et_pb_column][\/et_pb_row][\/et_pb_section][et_pb_section fb_built=&#8220;1&#8243; fullwidth=&#8220;on&#8220; prev_background_color=&#8220;#ffffff&#8220; admin_label=&#8220;Map&#8220; _builder_version=&#8220;3.22&#8243; background_color=&#8220;#f6f7fa&#8220; top_divider_style=&#8220;wave&#8220; top_divider_height=&#8220;14px&#8220; top_divider_repeat=&#8220;18x&#8220; top_divider_repeat_tablet=&#8220;9x&#8220; top_divider_repeat_phone=&#8220;4x&#8220; top_divider_repeat_last_edited=&#8220;on|phone&#8220;][\/et_pb_section]<\/p>\n","protected":false},"excerpt":{"rendered":"<p>[et_pb_section fb_built=&#8220;1&#8243; custom_padding_last_edited=&#8220;on|phone&#8220; admin_label=&#8220;Header&#8220; _builder_version=&#8220;3.22&#8243; use_background_color_gradient=&#8220;on&#8220; background_color_gradient_start=&#8220;#f6f7fa&#8220; background_color_gradient_end=&#8220;#ffffff&#8220; background_color_gradient_overlays_image=&#8220;on&#8220; background_position=&#8220;center_right&#8220; custom_margin=&#8220;|||&#8220; custom_padding=&#8220;0vw||0vw||true|false&#8220; custom_padding_tablet=&#8220;||||false|false&#8220; custom_padding_phone=&#8220;||||false|false&#8220;][et_pb_row _builder_version=&#8220;3.25&#8243;][et_pb_column type=&#8220;4_4&#8243; _builder_version=&#8220;3.25&#8243; custom_padding=&#8220;|||&#8220; custom_padding__hover=&#8220;|||&#8220;][et_pb_text _builder_version=&#8220;3.27.4&#8243; text_font=&#8220;||||||||&#8220; header_font=&#8220;Cantata One||||||||&#8220; header_font_size=&#8220;50px&#8220; header_line_height=&#8220;1.4em&#8220; header_2_font=&#8220;||||||||&#8220; header_2_text_color=&#8220;rgba(0,0,0,0.35)&#8220; header_2_font_size=&#8220;20px&#8220; header_2_line_height=&#8220;1.6em&#8220; text_orientation=&#8220;center&#8220; animation_style=&#8220;slide&#8220; animation_direction=&#8220;bottom&#8220; header_font_size_tablet=&#8220;35px&#8220; header_font_size_phone=&#8220;25px&#8220; header_font_size_last_edited=&#8220;on|desktop&#8220;] \u00dcber Mich [\/et_pb_text][\/et_pb_column][\/et_pb_row][\/et_pb_section][et_pb_section fb_built=&#8220;1&#8243; admin_label=&#8220;About&#8220; _builder_version=&#8220;4.4.2&#8243; background_color_gradient_direction=&#8220;90deg&#8220; background_image=&#8220;https:\/\/hypnose-in-moers.de\/wp-content\/uploads\/2020\/03\/dentist-13.png&#8220; background_size=&#8220;initial&#8220; background_position=&#8220;top_right&#8220; custom_padding=&#8220;0|0px|0|0px|false|false&#8220;][et_pb_row column_structure=&#8220;2_5,3_5&#8243; custom_padding_last_edited=&#8220;on|desktop&#8220; _builder_version=&#8220;4.4.2&#8243; background_color=&#8220;rgba(196,221,255,0.49)&#8220; background_color_gradient_direction=&#8220;75deg&#8220; max_width=&#8220;1280px&#8220; module_alignment=&#8220;center&#8220; custom_margin=&#8220;||50px||false|false&#8220; custom_margin_last_edited=&#8220;off|desktop&#8220; [&hellip;]<\/p>\n","protected":false},"author":1,"featured_media":0,"parent":0,"menu_order":0,"comment_status":"closed","ping_status":"closed","template":"","meta":{"_et_pb_use_builder":"on","_et_pb_old_content":"","_et_gb_content_width":"","footnotes":""},"class_list":["post-59","page","type-page","status-publish","hentry"],"_links":{"self":[{"href":"https:\/\/hypnose-in-moers.de\/index.php?rest_route=\/wp\/v2\/pages\/59","targetHints":{"allow":["GET"]}}],"collection":[{"href":"https:\/\/hypnose-in-moers.de\/index.php?rest_route=\/wp\/v2\/pages"}],"about":[{"href":"https:\/\/hypnose-in-moers.de\/index.php?rest_route=\/wp\/v2\/types\/page"}],"author":[{"embeddable":true,"href":"https:\/\/hypnose-in-moers.de\/index.php?rest_route=\/wp\/v2\/users\/1"}],"replies":[{"embeddable":true,"href":"https:\/\/hypnose-in-moers.de\/index.php?rest_route=%2Fwp%2Fv2%2Fcomments&post=59"}],"version-history":[{"count":40,"href":"https:\/\/hypnose-in-moers.de\/index.php?rest_route=\/wp\/v2\/pages\/59\/revisions"}],"predecessor-version":[{"id":1528,"href":"https:\/\/hypnose-in-moers.de\/index.php?rest_route=\/wp\/v2\/pages\/59\/revisions\/1528"}],"wp:attachment":[{"href":"https:\/\/hypnose-in-moers.de\/index.php?rest_route=%2Fwp%2Fv2%2Fmedia&parent=59"}],"curies":[{"name":"wp","href":"https:\/\/api.w.org\/{rel}","templated":true}]}}