{"id":199,"date":"2020-06-08T15:08:26","date_gmt":"2020-06-08T15:08:26","guid":{"rendered":"http:\/\/hypnose-in-moers.de\/?page_id=199"},"modified":"2025-06-01T23:21:01","modified_gmt":"2025-06-01T23:21:01","slug":"luescher-farbdiagnostik-test-und-hypnose","status":"publish","type":"page","link":"https:\/\/hypnose-in-moers.de\/?page_id=199","title":{"rendered":"Pr\u00fcfungsangst"},"content":{"rendered":"<p>[et_pb_section fb_built=&#8220;1&#8243; custom_padding_last_edited=&#8220;on|phone&#8220; admin_label=&#8220;Header&#8220; _builder_version=&#8220;4.4.2&#8243; use_background_color_gradient=&#8220;on&#8220; background_color_gradient_start=&#8220;#f6f7fa&#8220; background_color_gradient_end=&#8220;#ffffff&#8220; background_color_gradient_overlays_image=&#8220;on&#8220; background_position=&#8220;center_right&#8220; custom_margin=&#8220;|||&#8220; custom_padding=&#8220;0vw||0vw||false|false&#8220; custom_padding_tablet=&#8220;||||false|false&#8220; custom_padding_phone=&#8220;||||false|false&#8220; top_divider_style=&#8220;arrow2&#8243; top_divider_color=&#8220;#ffc547&#8243; top_divider_height=&#8220;64px&#8220;][et_pb_row _builder_version=&#8220;3.25&#8243; custom_padding=&#8220;53px|||||&#8220;][et_pb_column type=&#8220;4_4&#8243; _builder_version=&#8220;3.25&#8243; custom_padding=&#8220;|||&#8220; custom_padding__hover=&#8220;|||&#8220;][et_pb_text _builder_version=&#8220;3.27.4&#8243; text_font=&#8220;||||||||&#8220; header_font=&#8220;Cantata One||||||||&#8220; header_font_size=&#8220;50px&#8220; header_line_height=&#8220;1.4em&#8220; header_2_font=&#8220;||||||||&#8220; header_2_text_color=&#8220;rgba(0,0,0,0.35)&#8220; header_2_font_size=&#8220;20px&#8220; header_2_line_height=&#8220;1.6em&#8220; text_orientation=&#8220;center&#8220; animation_style=&#8220;slide&#8220; animation_direction=&#8220;bottom&#8220; header_font_size_tablet=&#8220;35px&#8220; header_font_size_phone=&#8220;25px&#8220; header_font_size_last_edited=&#8220;on|desktop&#8220;]<\/p>\n<h1>Pr\u00fcfungsangst besiegen, selbstsicher Vortr\u00e4ge halten\u00a0<\/h1>\n<p>[\/et_pb_text][et_pb_image src=&#8220;https:\/\/hypnose-in-moers.de\/wp-content\/uploads\/2020\/06\/woman-in-white-shirt-showing-frustration-3807738-scaled.jpg&#8220; _builder_version=&#8220;4.4.2&#8243; max_width=&#8220;70%&#8220; max_width_tablet=&#8220;&#8220; max_width_phone=&#8220;96%&#8220; max_width_last_edited=&#8220;on|phone&#8220; module_alignment=&#8220;center&#8220; custom_padding=&#8220;45px|||||&#8220; border_radii=&#8220;on|78px|78px|78px|78px&#8220;][\/et_pb_image][et_pb_text _builder_version=&#8220;4.4.2&#8243;]<\/p>\n<p style=\"text-align: center;\"><strong>Mit Hilfe der Hypnose Pr\u00fcfungsangst verlieren und das Selbstbewusstsein st\u00e4rken.<\/strong><\/p>\n<p>&nbsp;<\/p>\n<p>[\/et_pb_text][\/et_pb_column][\/et_pb_row][\/et_pb_section][et_pb_section fb_built=&#8220;1&#8243; admin_label=&#8220;Our Mission&#8220; _builder_version=&#8220;3.22&#8243; background_color=&#8220;#dce1ea&#8220; use_background_color_gradient=&#8220;on&#8220; background_color_gradient_start=&#8220;#ffffff&#8220; background_color_gradient_end=&#8220;rgba(255,255,255,0.29)&#8220; background_color_gradient_overlays_image=&#8220;on&#8220; background_image=&#8220;https:\/\/hypnose-in-moers.de\/wp-content\/uploads\/2020\/03\/dentist-19.png&#8220; custom_padding=&#8220;0||0vw||false|false&#8220;][et_pb_row column_structure=&#8220;1_2,1_2&#8243; use_custom_gutter=&#8220;on&#8220; gutter_width=&#8220;4&#8243; _builder_version=&#8220;4.4.2&#8243; locked=&#8220;off&#8220;][et_pb_column type=&#8220;1_2&#8243; _builder_version=&#8220;3.25&#8243; custom_padding=&#8220;|||&#8220; custom_padding__hover=&#8220;|||&#8220;][et_pb_blurb _builder_version=&#8220;4.4.2&#8243; border_radii_image=&#8220;on|178px|178px|178px|178px&#8220; box_shadow_style_image=&#8220;preset1&#8243; inline_fonts=&#8220;ABeeZee&#8220;]<\/p>\n<p style=\"text-align: justify;\">Unsicher Vortr\u00e4ge halten oder eine <strong>m\u00fcndliche Pr\u00fcfung<\/strong> absolvieren, sprechen vor Fremden oder in Gruppen<strong>\u00a0<\/strong>ist ein Thema das viele betrifft. Die Angst kann soweit f\u00fchren, dass der erlernte Stoff komplett weg ist oder man kein Wort herausbekommt, man f\u00e4ngt an zu Stottern oder redet dummes Zeug, der Hals ist trocken wie zugeschn\u00fcrt. Bereits in der Nacht vor der Pr\u00fcfung oder dem Vortrag sind Sie so aufgeregt, dass Sie kaum schlafen k\u00f6nnen. Auch \u00dcbelkeit, Erbrechen, Bauchschmerzen, Kreislaufprobleme und feuchte H\u00e4nde k\u00f6nnen auftreten. Oft verbirgt sich\u00a0 dahinter eine gro\u00dfe\u00a0<strong>Unsicherheit<\/strong>, die Angst vor dem Versagen, Angst sich zu blamieren, Angst im Mittelpunkt der Aufmerksamkeit zu stehen. Manchmal ist es ein Selbstwertproblem, was sich beim Sprechen vor der Klasse, in Gruppen Meetings oder bei Vorstellungsgespr\u00e4chen zeigt, bekannt als <strong>Lampenfieber.<\/strong><\/p>\n<p><strong>Wenn auch Sie davon betroffen sind, lassen Sie sich helfen! <\/strong><\/p>\n<p>Gemeinsam suchen wir in Hypnose den Ausl\u00f6ser Ihrer Angst und aktivieren Ihre <strong>Ressourcen<\/strong>. So werden auch Sie Ihre n\u00e4chste <strong>Pr\u00fcfung bestehen<\/strong> oder Rede ganz einfach und \u00fcberzeugend pr\u00e4sentieren. Zus\u00e4tzlich steigern wir w\u00e4hrend der Hypnosesitzung mit\u00a0 <strong>Superlearning<\/strong> die Aufnahme von neuem Lernstoff.<br \/> Die Konzentration wird sich verbessern und neuer Stoff wird leichter erlernbar und abrufbar. Wie klingt das f\u00fcr Sie? Wollen Sie noch mehr zu dem Thema erfahren oder gleich einen Termin vereinbaren?<\/p>\n<p>&nbsp;<\/p>\n<p>[\/et_pb_blurb][\/et_pb_column][et_pb_column type=&#8220;1_2&#8243; _builder_version=&#8220;3.25&#8243; custom_padding=&#8220;|||&#8220; custom_padding__hover=&#8220;|||&#8220;][et_pb_text _builder_version=&#8220;4.4.2&#8243; hover_enabled=&#8220;0&#8243;]<\/p>\n<p><span style=\"font-size: 14px;\">Rufen Sie mich an!<\/span><\/p>\n<p><a href=\"%2001573 10 97 395\"><span>01573 1097395<\/span><\/a><\/p>\n<p>Oder kontaktieren Sie mich \u00fcber mein Kontaktformular<\/p>\n<p>[\/et_pb_text][et_pb_button button_url=&#8220;@ET-DC@eyJkeW5hbWljIjp0cnVlLCJjb250ZW50IjoicG9zdF9saW5rX3VybF9wYWdlIiwic2V0dGluZ3MiOnsicG9zdF9pZCI6IjU1In19@&#8220; button_text=&#8220;Jetzt Termin vereinbaren&#8220; button_alignment=&#8220;center&#8220; _builder_version=&#8220;4.4.2&#8243; _dynamic_attributes=&#8220;button_url&#8220; custom_button=&#8220;on&#8220; button_text_size=&#8220;16px&#8220; button_text_color=&#8220;#ffffff&#8220; button_bg_color=&#8220;#52a8ff&#8220; button_border_width=&#8220;7px&#8220; button_border_color=&#8220;rgba(0,0,0,0)&#8220; button_border_radius=&#8220;100px&#8220; button_font=&#8220;Open Sans|700|||||||&#8220; animation_style=&#8220;slide&#8220; animation_direction=&#8220;bottom&#8220; button_text_color_hover=&#8220;#ffffff&#8220; button_border_color_hover=&#8220;rgba(0,0,0,0)&#8220; button_border_radius_hover=&#8220;100px&#8220; button_bg_color_hover=&#8220;#0059c3&#8243; button_text_size__hover_enabled=&#8220;off&#8220; button_one_text_size__hover_enabled=&#8220;off&#8220; button_two_text_size__hover_enabled=&#8220;off&#8220; button_text_color__hover_enabled=&#8220;on&#8220; button_text_color__hover=&#8220;#ffffff&#8220; button_one_text_color__hover_enabled=&#8220;off&#8220; button_two_text_color__hover_enabled=&#8220;off&#8220; button_border_width__hover_enabled=&#8220;off&#8220; button_one_border_width__hover_enabled=&#8220;off&#8220; button_two_border_width__hover_enabled=&#8220;off&#8220; button_border_color__hover_enabled=&#8220;on&#8220; button_border_color__hover=&#8220;rgba(0,0,0,0)&#8220; button_one_border_color__hover_enabled=&#8220;off&#8220; button_two_border_color__hover_enabled=&#8220;off&#8220; button_border_radius__hover_enabled=&#8220;on&#8220; button_border_radius__hover=&#8220;100px&#8220; button_one_border_radius__hover_enabled=&#8220;off&#8220; button_two_border_radius__hover_enabled=&#8220;off&#8220; button_letter_spacing__hover_enabled=&#8220;off&#8220; button_one_letter_spacing__hover_enabled=&#8220;off&#8220; button_two_letter_spacing__hover_enabled=&#8220;off&#8220; button_bg_color__hover_enabled=&#8220;on&#8220; button_bg_color__hover=&#8220;#0059c3&#8243; button_one_bg_color__hover_enabled=&#8220;off&#8220; button_two_bg_color__hover_enabled=&#8220;off&#8220;][\/et_pb_button][\/et_pb_column][\/et_pb_row][\/et_pb_section]<\/p>\n","protected":false},"excerpt":{"rendered":"<p>[et_pb_section fb_built=&#8220;1&#8243; custom_padding_last_edited=&#8220;on|phone&#8220; admin_label=&#8220;Header&#8220; _builder_version=&#8220;4.4.2&#8243; use_background_color_gradient=&#8220;on&#8220; background_color_gradient_start=&#8220;#f6f7fa&#8220; background_color_gradient_end=&#8220;#ffffff&#8220; background_color_gradient_overlays_image=&#8220;on&#8220; background_position=&#8220;center_right&#8220; custom_margin=&#8220;|||&#8220; custom_padding=&#8220;0vw||0vw||false|false&#8220; custom_padding_tablet=&#8220;||||false|false&#8220; custom_padding_phone=&#8220;||||false|false&#8220; top_divider_style=&#8220;arrow2&#8243; top_divider_color=&#8220;#ffc547&#8243; top_divider_height=&#8220;64px&#8220;][et_pb_row _builder_version=&#8220;3.25&#8243; custom_padding=&#8220;53px|||||&#8220;][et_pb_column type=&#8220;4_4&#8243; _builder_version=&#8220;3.25&#8243; custom_padding=&#8220;|||&#8220; custom_padding__hover=&#8220;|||&#8220;][et_pb_text _builder_version=&#8220;3.27.4&#8243; text_font=&#8220;||||||||&#8220; header_font=&#8220;Cantata One||||||||&#8220; header_font_size=&#8220;50px&#8220; header_line_height=&#8220;1.4em&#8220; header_2_font=&#8220;||||||||&#8220; header_2_text_color=&#8220;rgba(0,0,0,0.35)&#8220; header_2_font_size=&#8220;20px&#8220; header_2_line_height=&#8220;1.6em&#8220; text_orientation=&#8220;center&#8220; animation_style=&#8220;slide&#8220; animation_direction=&#8220;bottom&#8220; header_font_size_tablet=&#8220;35px&#8220; header_font_size_phone=&#8220;25px&#8220; header_font_size_last_edited=&#8220;on|desktop&#8220;] Pr\u00fcfungsangst besiegen, selbstsicher Vortr\u00e4ge halten\u00a0 [\/et_pb_text][et_pb_image src=&#8220;https:\/\/hypnose-in-moers.de\/wp-content\/uploads\/2020\/06\/woman-in-white-shirt-showing-frustration-3807738-scaled.jpg&#8220; _builder_version=&#8220;4.4.2&#8243; max_width=&#8220;70%&#8220; max_width_tablet=&#8220;&#8220; max_width_phone=&#8220;96%&#8220; max_width_last_edited=&#8220;on|phone&#8220; module_alignment=&#8220;center&#8220; custom_padding=&#8220;45px|||||&#8220; border_radii=&#8220;on|78px|78px|78px|78px&#8220;][\/et_pb_image][et_pb_text _builder_version=&#8220;4.4.2&#8243;] [&hellip;]<\/p>\n","protected":false},"author":1,"featured_media":0,"parent":0,"menu_order":0,"comment_status":"closed","ping_status":"closed","template":"","meta":{"_et_pb_use_builder":"on","_et_pb_old_content":"","_et_gb_content_width":"","footnotes":""},"class_list":["post-199","page","type-page","status-publish","hentry"],"_links":{"self":[{"href":"https:\/\/hypnose-in-moers.de\/index.php?rest_route=\/wp\/v2\/pages\/199","targetHints":{"allow":["GET"]}}],"collection":[{"href":"https:\/\/hypnose-in-moers.de\/index.php?rest_route=\/wp\/v2\/pages"}],"about":[{"href":"https:\/\/hypnose-in-moers.de\/index.php?rest_route=\/wp\/v2\/types\/page"}],"author":[{"embeddable":true,"href":"https:\/\/hypnose-in-moers.de\/index.php?rest_route=\/wp\/v2\/users\/1"}],"replies":[{"embeddable":true,"href":"https:\/\/hypnose-in-moers.de\/index.php?rest_route=%2Fwp%2Fv2%2Fcomments&post=199"}],"version-history":[{"count":25,"href":"https:\/\/hypnose-in-moers.de\/index.php?rest_route=\/wp\/v2\/pages\/199\/revisions"}],"predecessor-version":[{"id":1509,"href":"https:\/\/hypnose-in-moers.de\/index.php?rest_route=\/wp\/v2\/pages\/199\/revisions\/1509"}],"wp:attachment":[{"href":"https:\/\/hypnose-in-moers.de\/index.php?rest_route=%2Fwp%2Fv2%2Fmedia&parent=199"}],"curies":[{"name":"wp","href":"https:\/\/api.w.org\/{rel}","templated":true}]}}