{"id":196,"date":"2020-06-08T15:08:07","date_gmt":"2020-06-08T15:08:07","guid":{"rendered":"http:\/\/hypnose-in-moers.de\/?page_id=196"},"modified":"2025-06-01T23:20:15","modified_gmt":"2025-06-01T23:20:15","slug":"burnout-praevention","status":"publish","type":"page","link":"https:\/\/hypnose-in-moers.de\/?page_id=196","title":{"rendered":"Burnout Symptome erkennen"},"content":{"rendered":"<p>[et_pb_section fb_built=&#8220;1&#8243; custom_padding_last_edited=&#8220;on|phone&#8220; admin_label=&#8220;Header&#8220; _builder_version=&#8220;4.4.2&#8243; use_background_color_gradient=&#8220;on&#8220; background_color_gradient_start=&#8220;#f6f7fa&#8220; background_color_gradient_end=&#8220;#ffffff&#8220; background_color_gradient_overlays_image=&#8220;on&#8220; background_position=&#8220;center_right&#8220; custom_margin=&#8220;|||&#8220; custom_padding=&#8220;0vw||0vw||false|false&#8220; custom_padding_tablet=&#8220;||||false|false&#8220; custom_padding_phone=&#8220;||||false|false&#8220; top_divider_style=&#8220;arrow2&#8243; top_divider_color=&#8220;#0c71c3&#8243; top_divider_height=&#8220;65px&#8220;][et_pb_row _builder_version=&#8220;3.25&#8243; custom_padding=&#8220;||15px|||&#8220;][et_pb_column type=&#8220;4_4&#8243; _builder_version=&#8220;3.25&#8243; custom_padding=&#8220;|||&#8220; custom_padding__hover=&#8220;|||&#8220;][et_pb_text _builder_version=&#8220;4.4.2&#8243; text_font=&#8220;||||||||&#8220; header_font=&#8220;Cantata One||||||||&#8220; header_font_size=&#8220;50px&#8220; header_line_height=&#8220;1.4em&#8220; header_2_font=&#8220;||||||||&#8220; header_2_text_color=&#8220;rgba(0,0,0,0.35)&#8220; header_2_font_size=&#8220;20px&#8220; header_2_line_height=&#8220;1.6em&#8220; text_orientation=&#8220;center&#8220; custom_padding=&#8220;39px|||||&#8220; animation_style=&#8220;slide&#8220; animation_direction=&#8220;bottom&#8220; header_font_size_tablet=&#8220;35px&#8220; header_font_size_phone=&#8220;25px&#8220; header_font_size_last_edited=&#8220;on|desktop&#8220;]<\/p>\n<h1><b>Burnout Symptome erkennen<\/b><\/h1>\n<h2><\/h2>\n<p>[\/et_pb_text][\/et_pb_column][\/et_pb_row][et_pb_row _builder_version=&#8220;4.4.2&#8243;][et_pb_column type=&#8220;4_4&#8243; _builder_version=&#8220;4.4.2&#8243;][et_pb_image src=&#8220;https:\/\/hypnose-in-moers.de\/wp-content\/uploads\/2020\/06\/alone-animal-bird-clouds-3951961-scaled.jpg&#8220; align=&#8220;center&#8220; _builder_version=&#8220;4.4.2&#8243; max_width=&#8220;70%&#8220; max_width_tablet=&#8220;&#8220; max_width_phone=&#8220;96%&#8220; max_width_last_edited=&#8220;on|phone&#8220; module_alignment=&#8220;center&#8220; border_radii=&#8220;on|68px|68px|68px|68px&#8220; box_shadow_style=&#8220;preset2&#8243;][\/et_pb_image][\/et_pb_column][\/et_pb_row][\/et_pb_section][et_pb_section fb_built=&#8220;1&#8243; admin_label=&#8220;Our Mission&#8220; _builder_version=&#8220;4.4.2&#8243; background_color=&#8220;#dce1ea&#8220; use_background_color_gradient=&#8220;on&#8220; background_color_gradient_start=&#8220;#ffffff&#8220; background_color_gradient_end=&#8220;rgba(255,255,255,0.29)&#8220; background_color_gradient_overlays_image=&#8220;on&#8220; background_image=&#8220;https:\/\/hypnose-in-moers.de\/wp-content\/uploads\/2020\/03\/dentist-19.png&#8220; custom_padding=&#8220;0||0vw||false|false&#8220; top_divider_color=&#8220;#ffffff&#8220;][et_pb_row column_structure=&#8220;2_5,3_5&#8243; use_custom_gutter=&#8220;on&#8220; gutter_width=&#8220;4&#8243; _builder_version=&#8220;3.25&#8243; locked=&#8220;off&#8220;][et_pb_column type=&#8220;2_5&#8243; _builder_version=&#8220;4.4.2&#8243;][et_pb_blurb _builder_version=&#8220;4.4.2&#8243; border_radii_image=&#8220;on|178px|178px|178px|178px&#8220; box_shadow_style_image=&#8220;preset1&#8243; inline_fonts=&#8220;ABeeZee&#8220;]<\/p>\n<p><strong>Burnout Symptome gezielt mit Hypnose verringern und das Selbstbewusstsein st\u00e4rken<\/strong><\/p>\n<p>Durch <strong>Hypnose<\/strong> und gezieltes Coaching lernen Sie Ihre <strong>Ressourcen<\/strong> kennen und zu aktivieren um Ihre Probleme besser zu bew\u00e4ltigen. Wir Leben in einer Zeit, <span>wo &#8222;stark sein&#8220;, &#8222;durchhalten&#8220;, &#8222;weiter machen&#8220; bis zu Ersch\u00f6pfung oder Erkrankung h\u00e4ufig vom Umfeld oder Vorgesetzten verlangt wird. Stress und Druck leider allt\u00e4glich geworden sind und das in allen Lebensbereichen.<\/span>\u00a0Ob es die st\u00e4ndigen \u00dcberstunden, der stetig <strong>steigende Arbeitsdruck, Mobbing, <\/strong>Schichtarbeit, schlechtes Betriebsklima \u00a0ist oder der Chef der Ihnen immer mehr Verantwortung \u00fcbertr\u00e4gt. Auch die <strong>Doppelbelastung<\/strong> durch Familie, Haushalt und Job hat zugenommen. Besonders helfende Berufe neigen zu einem Burnout weil oftmals die <strong>Abgrenzung <\/strong>nicht gelingt. Auch unsere Kindheit spielt bei der Entstehung schon eine gro\u00dfe Rolle, wer da schon st\u00e4ndig <strong>perfekt<\/strong> <strong>sein<\/strong> musste um Lob zu bekommen oder eine falsche Rollenverteilung vorliegt, ist bereits vorbelastet. Folgende Pers\u00f6nlichkeitsmerkmale, \u201eintrinsische Faktoren\u201c finden sich h\u00e4ufig bei Menschen die unter <strong>\u201eBurnout\u201c<\/strong> leiden:<\/p>\n<ul>\n<li>ein Gef\u00fchl von Minderwertigkeit und das Streben nach Anerkennung<\/li>\n<li>schlechte Selbstwahrnehmung deshalb Vernachl\u00e4ssigung eigener Bed\u00fcrfnisse<\/li>\n<li>Neigung zur Verausgabung, zum Aufopfern f\u00fcr andere<\/li>\n<li>\u00fcbertriebener Ehrgeiz, Perfektionismus<\/li>\n<li>Harmoniesucht, nur schwer einen Streit ertragen oder sich konstruktiv auseinandersetzen k\u00f6nnen<\/li>\n<li>Abh\u00e4ngigkeit vom Lob anderer<\/li>\n<\/ul>\n<p style=\"text-align: left;\">[\/et_pb_blurb][\/et_pb_column][et_pb_column type=&#8220;3_5&#8243; _builder_version=&#8220;4.4.2&#8243;][et_pb_text _builder_version=&#8220;4.4.2&#8243;]<\/p>\n<p><strong style=\"font-size: 14px;\">Stress<\/strong><span style=\"font-size: 14px;\"> ist eines der gr\u00f6\u00dften <\/span><strong style=\"font-size: 14px;\">Gesundheitsrisiken <\/strong><span style=\"font-size: 14px;\">unserer Zeit und f\u00fchrt\u00a0 zu den unterschiedlichsten Erkrankungen. Wer also dauernd unter Stress steht sch\u00e4digt seinen K\u00f6rper und Geist und leidet auch oft an psychischen Erkrankungen.<\/span><\/p>\n<p>Laut <strong>WHO<\/strong> ist Burnout, ein Problem \u201eim Bezug auf die Lebensf\u00fchrung\u201c.<\/p>\n<p>Bei der Beschreibung des Burnouts sind folgende Phasen bekannt:<\/p>\n<p>1.Phase:<\/p>\n<ul>\n<li>gro\u00dfe Leistungsbereitschaft mit hoher Aktivit\u00e4t<\/li>\n<li>das Gef\u00fchl unentbehrlich zu sein<\/li>\n<li>Erholung wird vernachl\u00e4ssigt<\/li>\n<li>es besteht noch kein Leidensdruck<\/li>\n<\/ul>\n<p>2.Phase:<\/p>\n<ul>\n<li>Leistungsf\u00e4higkeit sinkt, \u00dcberforderung beginnt<\/li>\n<li>Unzufriedenheit wird st\u00e4rker<\/li>\n<li>kaum noch Aktivit\u00e4t, schnelle Ersch\u00f6pfung<\/li>\n<\/ul>\n<p>3.Phase:<\/p>\n<ul>\n<li>gro\u00dfer Leidensdruck<\/li>\n<li>h\u00e4ufig Ersatzbefriedigung wie \u00fcberm\u00e4\u00dfiges Essen, Alkohol, Drogen<\/li>\n<li>Panikattacken, \u00c4ngste und Selbstmordgedanken nehmen zu<\/li>\n<\/ul>\n<p>&nbsp;<\/p>\n<p><strong>Falls Sie sich in einer dieser Phasen wiederfinden, wird es Zeit etwas zu unternehmen! Je fr\u00fcher umso besser!<\/strong><\/p>\n<p>Bei Symptomen wie, Jagd nach Anerkennung, \u00fcbertriebenem Einsatz, Vernachl\u00e4ssigung der eigenen Bed\u00fcrfnisse und Verdr\u00e4ngung erster Warnsignale kann ich Sie mit psychologischer Beratung oder Hypnose wunderbar unterst\u00fctzen und Sie zur\u00fcck in Ihr gesundes Gleichgewicht bringen. Sie Lernen, sich \u00f6fter zu <strong>entspannen, nein<\/strong> zu sagen und gut f\u00fcr sich zu sorgen.<\/p>\n<p>Sie verlassen Ihre Opferrolle und \u00fcbernehmen wieder Verantwortung f\u00fcr Ihr Leben!<\/p>\n<p>Wenn Sie an einer Depression leiden, wenden Sie sich bitte an einen Arzt oder Psychotherapeuten!<\/p>\n<p>&nbsp;<\/p>\n<p>&nbsp;<\/p>\n<p>[\/et_pb_text][et_pb_text _builder_version=&#8220;4.4.2&#8243; custom_padding=&#8220;0px|||||&#8220; hover_enabled=&#8220;0&#8243;]<\/p>\n<p><span style=\"font-size: 14px;\">Rufen Sie mich<\/span><span style=\"font-size: 14px;\">\u00a0an!<\/span><\/p>\n<p><a href=\"%2001573 10 97 395\"><span>01573 1097395<\/span><\/a><\/p>\n<p>Oder kontaktieren Sie mich \u00fcber mein Kontaktformular<\/p>\n<p>[\/et_pb_text][et_pb_button button_url=&#8220;@ET-DC@eyJkeW5hbWljIjp0cnVlLCJjb250ZW50IjoicG9zdF9saW5rX3VybF9wYWdlIiwic2V0dGluZ3MiOnsicG9zdF9pZCI6IjU1In19@&#8220; button_text=&#8220;Jetzt Termin vereinbaren&#8220; button_alignment=&#8220;left&#8220; _builder_version=&#8220;4.4.2&#8243; _dynamic_attributes=&#8220;button_url&#8220; custom_button=&#8220;on&#8220; button_text_size=&#8220;16px&#8220; button_text_color=&#8220;#ffffff&#8220; button_bg_color=&#8220;#52a8ff&#8220; button_border_width=&#8220;7px&#8220; button_border_color=&#8220;rgba(0,0,0,0)&#8220; button_border_radius=&#8220;100px&#8220; button_font=&#8220;Open Sans|700|||||||&#8220; animation_style=&#8220;slide&#8220; animation_direction=&#8220;bottom&#8220; button_text_color_hover=&#8220;#ffffff&#8220; button_border_color_hover=&#8220;rgba(0,0,0,0)&#8220; button_border_radius_hover=&#8220;100px&#8220; button_bg_color_hover=&#8220;#0059c3&#8243; button_text_size__hover_enabled=&#8220;off&#8220; button_one_text_size__hover_enabled=&#8220;off&#8220; button_two_text_size__hover_enabled=&#8220;off&#8220; button_text_color__hover_enabled=&#8220;on&#8220; button_text_color__hover=&#8220;#ffffff&#8220; button_one_text_color__hover_enabled=&#8220;off&#8220; button_two_text_color__hover_enabled=&#8220;off&#8220; button_border_width__hover_enabled=&#8220;off&#8220; button_one_border_width__hover_enabled=&#8220;off&#8220; button_two_border_width__hover_enabled=&#8220;off&#8220; button_border_color__hover_enabled=&#8220;on&#8220; button_border_color__hover=&#8220;rgba(0,0,0,0)&#8220; button_one_border_color__hover_enabled=&#8220;off&#8220; button_two_border_color__hover_enabled=&#8220;off&#8220; button_border_radius__hover_enabled=&#8220;on&#8220; button_border_radius__hover=&#8220;100px&#8220; button_one_border_radius__hover_enabled=&#8220;off&#8220; button_two_border_radius__hover_enabled=&#8220;off&#8220; button_letter_spacing__hover_enabled=&#8220;off&#8220; button_one_letter_spacing__hover_enabled=&#8220;off&#8220; button_two_letter_spacing__hover_enabled=&#8220;off&#8220; button_bg_color__hover_enabled=&#8220;on&#8220; button_bg_color__hover=&#8220;#0059c3&#8243; button_one_bg_color__hover_enabled=&#8220;off&#8220; button_two_bg_color__hover_enabled=&#8220;off&#8220;][\/et_pb_button][\/et_pb_column][\/et_pb_row][\/et_pb_section]<\/p>\n","protected":false},"excerpt":{"rendered":"<p>[et_pb_section fb_built=&#8220;1&#8243; custom_padding_last_edited=&#8220;on|phone&#8220; admin_label=&#8220;Header&#8220; _builder_version=&#8220;4.4.2&#8243; use_background_color_gradient=&#8220;on&#8220; background_color_gradient_start=&#8220;#f6f7fa&#8220; background_color_gradient_end=&#8220;#ffffff&#8220; background_color_gradient_overlays_image=&#8220;on&#8220; background_position=&#8220;center_right&#8220; custom_margin=&#8220;|||&#8220; custom_padding=&#8220;0vw||0vw||false|false&#8220; custom_padding_tablet=&#8220;||||false|false&#8220; custom_padding_phone=&#8220;||||false|false&#8220; top_divider_style=&#8220;arrow2&#8243; top_divider_color=&#8220;#0c71c3&#8243; top_divider_height=&#8220;65px&#8220;][et_pb_row _builder_version=&#8220;3.25&#8243; custom_padding=&#8220;||15px|||&#8220;][et_pb_column type=&#8220;4_4&#8243; _builder_version=&#8220;3.25&#8243; custom_padding=&#8220;|||&#8220; custom_padding__hover=&#8220;|||&#8220;][et_pb_text _builder_version=&#8220;4.4.2&#8243; text_font=&#8220;||||||||&#8220; header_font=&#8220;Cantata One||||||||&#8220; header_font_size=&#8220;50px&#8220; header_line_height=&#8220;1.4em&#8220; header_2_font=&#8220;||||||||&#8220; header_2_text_color=&#8220;rgba(0,0,0,0.35)&#8220; header_2_font_size=&#8220;20px&#8220; header_2_line_height=&#8220;1.6em&#8220; text_orientation=&#8220;center&#8220; custom_padding=&#8220;39px|||||&#8220; animation_style=&#8220;slide&#8220; animation_direction=&#8220;bottom&#8220; header_font_size_tablet=&#8220;35px&#8220; header_font_size_phone=&#8220;25px&#8220; header_font_size_last_edited=&#8220;on|desktop&#8220;] Burnout Symptome erkennen [\/et_pb_text][\/et_pb_column][\/et_pb_row][et_pb_row _builder_version=&#8220;4.4.2&#8243;][et_pb_column type=&#8220;4_4&#8243; _builder_version=&#8220;4.4.2&#8243;][et_pb_image src=&#8220;https:\/\/hypnose-in-moers.de\/wp-content\/uploads\/2020\/06\/alone-animal-bird-clouds-3951961-scaled.jpg&#8220; align=&#8220;center&#8220; _builder_version=&#8220;4.4.2&#8243; max_width=&#8220;70%&#8220; max_width_tablet=&#8220;&#8220; max_width_phone=&#8220;96%&#8220; max_width_last_edited=&#8220;on|phone&#8220; module_alignment=&#8220;center&#8220; [&hellip;]<\/p>\n","protected":false},"author":1,"featured_media":0,"parent":0,"menu_order":0,"comment_status":"closed","ping_status":"closed","template":"","meta":{"_et_pb_use_builder":"on","_et_pb_old_content":"","_et_gb_content_width":"","footnotes":""},"class_list":["post-196","page","type-page","status-publish","hentry"],"_links":{"self":[{"href":"https:\/\/hypnose-in-moers.de\/index.php?rest_route=\/wp\/v2\/pages\/196","targetHints":{"allow":["GET"]}}],"collection":[{"href":"https:\/\/hypnose-in-moers.de\/index.php?rest_route=\/wp\/v2\/pages"}],"about":[{"href":"https:\/\/hypnose-in-moers.de\/index.php?rest_route=\/wp\/v2\/types\/page"}],"author":[{"embeddable":true,"href":"https:\/\/hypnose-in-moers.de\/index.php?rest_route=\/wp\/v2\/users\/1"}],"replies":[{"embeddable":true,"href":"https:\/\/hypnose-in-moers.de\/index.php?rest_route=%2Fwp%2Fv2%2Fcomments&post=196"}],"version-history":[{"count":21,"href":"https:\/\/hypnose-in-moers.de\/index.php?rest_route=\/wp\/v2\/pages\/196\/revisions"}],"predecessor-version":[{"id":1508,"href":"https:\/\/hypnose-in-moers.de\/index.php?rest_route=\/wp\/v2\/pages\/196\/revisions\/1508"}],"wp:attachment":[{"href":"https:\/\/hypnose-in-moers.de\/index.php?rest_route=%2Fwp%2Fv2%2Fmedia&parent=196"}],"curies":[{"name":"wp","href":"https:\/\/api.w.org\/{rel}","templated":true}]}}