{"id":184,"date":"2020-06-08T15:07:18","date_gmt":"2020-06-08T15:07:18","guid":{"rendered":"http:\/\/hypnose-in-moers.de\/?page_id=184"},"modified":"2026-01-03T13:00:23","modified_gmt":"2026-01-03T13:00:23","slug":"gewichtsreduktion","status":"publish","type":"page","link":"https:\/\/hypnose-in-moers.de\/?page_id=184","title":{"rendered":"Gewichtsreduktion"},"content":{"rendered":"<p>[et_pb_section fb_built=&#8220;1&#8243; custom_padding_last_edited=&#8220;on|phone&#8220; admin_label=&#8220;Header&#8220; _builder_version=&#8220;4.4.2&#8243; use_background_color_gradient=&#8220;on&#8220; background_color_gradient_start=&#8220;#f6f7fa&#8220; background_color_gradient_end=&#8220;#ffffff&#8220; background_color_gradient_overlays_image=&#8220;on&#8220; background_position=&#8220;center_right&#8220; custom_margin=&#8220;|||&#8220; custom_padding=&#8220;0vw||0vw||false|false&#8220; custom_padding_tablet=&#8220;||||false|false&#8220; custom_padding_phone=&#8220;||||false|false&#8220; top_divider_style=&#8220;arrow2&#8243; top_divider_color=&#8220;#ffc547&#8243; top_divider_height=&#8220;65px&#8220;][et_pb_row _builder_version=&#8220;3.25&#8243;][et_pb_column type=&#8220;4_4&#8243; _builder_version=&#8220;3.25&#8243; custom_padding=&#8220;|||&#8220; custom_padding__hover=&#8220;|||&#8220;][et_pb_text _builder_version=&#8220;4.4.2&#8243; text_font=&#8220;||||||||&#8220; header_font=&#8220;Cantata One||||||||&#8220; header_font_size=&#8220;50px&#8220; header_line_height=&#8220;1.4em&#8220; header_2_font=&#8220;||||||||&#8220; header_2_text_color=&#8220;rgba(0,0,0,0.35)&#8220; header_2_font_size=&#8220;20px&#8220; header_2_line_height=&#8220;1.6em&#8220; text_orientation=&#8220;center&#8220; custom_padding=&#8220;39px|||||&#8220; animation_style=&#8220;slide&#8220; animation_direction=&#8220;bottom&#8220; header_font_size_tablet=&#8220;35px&#8220; header_font_size_phone=&#8220;25px&#8220; header_font_size_last_edited=&#8220;on|desktop&#8220;]<\/p>\n<h1>Gesund abnehmen mit Hypnose<\/h1>\n<h2><\/h2>\n<p>[\/et_pb_text][\/et_pb_column][\/et_pb_row][\/et_pb_section][et_pb_section fb_built=&#8220;1&#8243; admin_label=&#8220;Our Mission&#8220; _builder_version=&#8220;4.4.2&#8243; background_color=&#8220;#dce1ea&#8220; use_background_color_gradient=&#8220;on&#8220; background_color_gradient_start=&#8220;#ffffff&#8220; background_color_gradient_end=&#8220;rgba(255,255,255,0.29)&#8220; background_color_gradient_overlays_image=&#8220;on&#8220; background_image=&#8220;https:\/\/hypnose-in-moers.de\/wp-content\/uploads\/2020\/03\/dentist-19.png&#8220; custom_padding=&#8220;0||0vw||false|false&#8220; top_divider_color=&#8220;#ffffff&#8220;][et_pb_row use_custom_gutter=&#8220;on&#8220; gutter_width=&#8220;4&#8243; _builder_version=&#8220;3.25&#8243; locked=&#8220;off&#8220;][et_pb_column type=&#8220;4_4&#8243; _builder_version=&#8220;4.4.2&#8243;][et_pb_image src=&#8220;https:\/\/hypnose-in-moers.de\/wp-content\/uploads\/2020\/06\/lose-weight-1968908_1920.jpg&#8220; _builder_version=&#8220;4.4.2&#8243; max_width=&#8220;70%&#8220; max_width_tablet=&#8220;&#8220; max_width_phone=&#8220;96%&#8220; max_width_last_edited=&#8220;on|phone&#8220; module_alignment=&#8220;center&#8220; border_radii=&#8220;on|68px|68px|68px|68px&#8220; box_shadow_style=&#8220;preset2&#8243;][\/et_pb_image][\/et_pb_column][\/et_pb_row][et_pb_row _builder_version=&#8220;4.4.2&#8243; custom_padding=&#8220;|||1px||&#8220;][et_pb_column type=&#8220;4_4&#8243; _builder_version=&#8220;4.4.2&#8243;][et_pb_text _builder_version=&#8220;4.4.2&#8243; min_height=&#8220;384.8px&#8220; custom_padding=&#8220;2px|||||&#8220;]<\/p>\n<p style=\"text-align: center;\"><b>Vertrauen Sie darauf, dass Sie mit Hypnose dauerhaft und gesund abnehmen, ganz ohne Stress und Hei\u00dfhunger<\/b><\/p>\n<p><strong>Kennen Sie das?<\/strong><\/p>\n<p>Sie wollen schnell abnehmen und keine Di\u00e4t hilft. Am Anfang verlieren Sie ein paar Kilos doch nach der Di\u00e4t haben Sie sehr schnell das Doppelte wieder drauf. Das ist nat\u00fcrlich sehr frustrierend und ungesund. Auch ich konnte das am eigenen K\u00f6rper sp\u00fcren. Ich habe 2015 durch Krankheit und Medikamente innerhalb von kurzer Zeit 35kg zugenommen. Danach habe ich einiges versucht um wieder abzunehmen. Es war eine anstrengende Zeit. 2020 habe ich mit Hilfe von <strong>Selbsthypnose<\/strong> in 4 Monaten die letzten 20kg abgenommen. Seitdem f\u00e4llt es mir leicht das Gewicht zu halten obwohl ich mich normal ern\u00e4hre. Vertrauen auch Sie darauf und \u00fcberzeugen Sie sich davon, wie gut Hypnose Sie beim <strong>Abnehmen<\/strong> unterst\u00fctzt.<\/p>\n<p><strong>Wie kann Ihnen Hypnose beim abnehmen helfen?<\/strong><\/p>\n<p>Ihnen ist vielleicht der Name \u201eFrustessen\u201c bekannt. Man isst um negative Gef\u00fchle wie <strong>Traurigkeit, Einsamkeit, Stress, Langeweile, innere Leere<\/strong> manchmal sogar fr\u00fche traumatische Erfahrungen besser zu verkraften. Den meisten ist das nicht bewusst. Sie nehmen zu und werden immer dicker und frustrierter, erste Krankheiten tauchen bald auf. Die Hypnose ist so wirksam, weil Sie &#8222;neues, gesundes Essverhalten&#8220; direkt in Ihrem Unterbewusstsein verankert um Sie optimal zu unterst\u00fctzen. Es f\u00e4llt Ihnen ganz leicht sich ausgewogen zu ern\u00e4hren und Sie bekommen immer mehr Appetit auf gesunde Nahrung. Sie k\u00f6nnen pl\u00f6tzlich ganz einfach Dickmachern wiederstehen. Erste Ver\u00e4nderungen treten schon beim Einkaufen ein. Es landen viele gesunde Lebensmittel im Einkaufskorb. Ihr Appetit auf Obst und Gem\u00fcse steigt, Sie bekommen mehr Lust sich zu bewegen. Sie schaffen es ganz leicht das Hamsterrad zu verlassen und Nahrung nur noch zum stillen von Hunger einzusetzten.<\/p>\n<p>Auch Themen wie: &#8222;S\u00fc\u00dfigkeiten widerstehen k\u00f6nnen, das S\u00e4ttigungsgef\u00fchl verst\u00e4rken, den Ern\u00e4hrungsplan konsequent einhalten, auch au\u00dfer Haus diszipliniert essen, abnehmen trotz Schildr\u00fcsenproblemen sowie Motivation zu Sport und Bewegung werden besprochen.&#8220;<\/p>\n<p>Wie h\u00f6rt sich das f\u00fcr Sie an? <strong>Trauen Sie sich<\/strong> und nutzen Sie die wunderbare Wirkung der Hypnose zum Abnehmen!<\/p>\n<p>[\/et_pb_text][et_pb_text _builder_version=&#8220;4.4.2&#8243; hover_enabled=&#8220;0&#8243; inline_fonts=&#8220;ABeeZee&#8220;]<\/p>\n<h4><span style=\"font-family: ABeeZee;\">Wie funktioniert die Hypnose?<\/span><\/h4>\n<p>Bei unserem <strong>1.kostenlosen telefonischen Konakt<\/strong>, sprechen wir \u00fcber Ihre W\u00fcnsche und ich stelle Ihnen ein paar Fragen zu Ihrem Gesundheitszustand. Ich m\u00f6chte so herausfinden ob Hypnose f\u00fcr Sie geeignet ist. Wenn unser Gespr\u00e4ch gut verlief und Sie sich f\u00fcr die Hypnose entschieden haben, vereinbaren wir unseren 1.Termin in der Praxis.<\/p>\n<p>Bei unserer 1.Sitzung f\u00fchre ich eine ausf\u00fchrliche Anamnese durch. Dabei erfahre ich mehr \u00fcber Sie, Ihre Essgewohnheiten und die Hintergr\u00fcnde Ihres Essverhaltens. Wir sprechen \u00fcber Probleme und Sorgen die Sie plagen und legen ein genaues Ziel fest. Dabei k\u00f6nnen Sie Fragen stellen und erfahren dann auch wie viele Sitzungen mindestens n\u00f6tig sind um bei Ihnen eine <strong>dauerhafte Ver\u00e4nderung<\/strong> zu bewirken. Im Anschluss an unser Gespr\u00e4ch findet bereits die 1. Hypnose statt.<\/p>\n<p>Durch eine eingeleitete <strong>Trance<\/strong> r\u00fcckt ihr Verstand in den Hintergrund und ihr Unterbewusstsein \u00f6ffnet sich. Sie entspannen dabei und legen sich zur\u00fcck. Sie bekommen zu jeder Zeit all das Gesagte mit denn Sie schlafen nicht sondern ihr Gehirn ist sehr <strong>wach<\/strong> und <strong>aktiv<\/strong>.<\/p>\n<p>Dann werde ich, eine so genannte\u00a0<strong>Blockadenl\u00f6sung <\/strong>machen, um alles Alte, was Sie blockiert, daran hindert abzunehmen, aufzul\u00f6sen. Diese Hypnose kann sehr intensiv sein. Im Anschluss f\u00fchre ich Sie in eine tiefe Entspannung wo ihr K\u00f6rper Kraft und Energie tankt um Sie optimal beim Abnehmen zu unterst\u00fctzen und gebe Ihnen f\u00fcr Sie passende Suggestionen. Daf\u00fcr plane ich max. 150 min ein.<\/p>\n<p>In der 2.Sizung nach 2 Wochen arbeite ich dann meist analytisch um nach den verborgenen Gr\u00fcnden Ihres Essverhaltens zu suchen oder mit Teilearbeit um ein Gleichgewicht Ihrer inneren Anteile herzustellen. So das auch der Zweifler, in Ihnen wirklich abnehmen m\u00f6chte. Negative Glaubenss\u00e4tze und Muster aus Ihrer Kindheit werden sichtbar und k\u00f6nnen ver\u00e4ndert werden. Zus\u00e4tzlich nutze ich wirksame Suggestionen um Ihr Essverhalten in die richtige Richtung zu lenken. W\u00e4hrend dieser Sitzung wird <strong>neues gesundes Verhalten<\/strong> tief in Ihrem Unterbewusstsein verankert. Hierf\u00fcr plane ich ca.120 min Zeit ein.<\/p>\n<p>Damit Sie wirklich dauerhaft Abnehmen und ihr Wunschgewicht ohne Di\u00e4t halten k\u00f6nnen, findet nach weiteren 2 Wochen noch eine 3. Hypnosesitzung statt. Hier geht es haupts\u00e4chlich darum noch auftretende falsche Essgewohnheiten zu \u00e4ndern und mit passenden Suggestionen tief zu verankern. Ihr Wunschgewicht werden Sie ziemlich sicher schon bald erreichen! Dauer ca.90 min.<\/p>\n<p>Ob dann noch weitere Sitzungen sinnvoll f\u00fcr Sie sind, h\u00e4ngt von der jeweiligen Ausgangssituation und Ihrem Ziel ab. Wir besprechen die optimale Sitzungsanzahl f\u00fcr Sie beim 1. Gespr\u00e4ch und bei der 3.Sitzung. Ich empfehle Ihnen, direkt 3 Sitzungen zum <strong>Vorteilspreis<\/strong> von 450,00\u20ac zu buchen, es ist aber auch m\u00f6glich einzelne Sitzungen zu buchen.<\/p>\n<p>2-4 Wochen nach der 3.Sitzung schreiben oder telefonieren wir noch einmal und besprechen die aktuelle Situation. Mir ist wichtig, Sie langfristig zu begleiten um einen dauerhaften Erfolg zu erzielen!<\/p>\n<p>Selbstverst\u00e4ndlich bin ich auch zwischen den Terminen f\u00fcr Sie da und stehe f\u00fcr Fragen zur Verf\u00fcgung!<\/p>\n<p><strong>Abnehmen Spezial!!!<\/strong><\/p>\n<p><strong>Intensives Coaching + Hypnose<\/strong><\/p>\n<p>Sie wissen bereits, dass Sie einige Baustellen haben und ben\u00f6tigen intensive Unterst\u00fctzung um festgefahrene Wege wirksam und dauerhaft zu verlassen. Sie haben schon vieles versucht um Abzunehmen. Dann nutzen Sie dieses Angebot. Durch das Coaching werden Ihnen bereits im Gespr\u00e4ch viele Sachen bewusst. Es unterst\u00fctzt Sie dabei eine neue Strategie zu entwickeln, Ihr optimales Essverhalten zu finden.<\/p>\n<p>Sie erhalten viele wertvolle Tipps im Bezug auf gesundes Essen. Wir entwickeln zusammen passende Suggestionen f\u00fcr Sie, die Sie dann auch im Anschluss an unsere Sitzungen weiter Nutzen k\u00f6nnen. Bei Bedarf erhalten Sie diese auch als <strong>Audio<\/strong> von mir besprochen, was Sie als <strong>Selbsthypnose<\/strong> nutzen k\u00f6nnen. Wie das geht, bringe ich Ihnen nat\u00fcrlich bei. Ich setze Ihnen einen <strong>hypnotischen Anker<\/strong>, der es Ihnen erm\u00f6glicht selbst in Hypnose weiter zu arbeiten wenn schwierige Situationen auftauchen. So schaffen auch Sie es dauerhaft und leicht Abzunehmen!<\/p>\n<p>Der Ablauf der Hypnose ist \u00e4hnlich wie beim Abnehmpaket s.o.<\/p>\n<p>Dieses Paket beinhaltet: <strong>3x Coaching + Hypnose<\/strong> (max. 6,5 Std. im Abstand von 2 Wochen) <strong>+ hypnotischer Anker\/Audio + eigene Suggestionen f\u00fcr 550\u20ac<\/strong><\/p>\n<p><strong>\u00a0<\/strong><\/p>\n<p>[\/et_pb_text][et_pb_text _builder_version=&#8220;4.4.2&#8243;]<\/p>\n<p><span style=\"font-size: 14px;\">Rufen Sie mich an!<\/span><\/p>\n<p><span color=\"#0000ff\" style=\"color: #0000ff;\">01573 1097395<\/span><\/p>\n<p>Oder kontaktieren Sie mich \u00fcber mein Kontaktformular<\/p>\n<p>[\/et_pb_text][et_pb_button button_url=&#8220;@ET-DC@eyJkeW5hbWljIjp0cnVlLCJjb250ZW50IjoicG9zdF9saW5rX3VybF9wYWdlIiwic2V0dGluZ3MiOnsicG9zdF9pZCI6IjU1In19@&#8220; button_text=&#8220;Jetzt Termin vereinbaren&#8220; button_alignment=&#8220;center&#8220; _builder_version=&#8220;4.4.2&#8243; _dynamic_attributes=&#8220;button_url&#8220; custom_button=&#8220;on&#8220; button_text_size=&#8220;16px&#8220; button_text_color=&#8220;#ffffff&#8220; button_bg_color=&#8220;#52a8ff&#8220; button_border_width=&#8220;7px&#8220; button_border_color=&#8220;rgba(0,0,0,0)&#8220; button_border_radius=&#8220;100px&#8220; button_font=&#8220;Open Sans|700|||||||&#8220; animation_style=&#8220;slide&#8220; animation_direction=&#8220;bottom&#8220; button_text_color_hover=&#8220;#ffffff&#8220; button_border_color_hover=&#8220;rgba(0,0,0,0)&#8220; button_border_radius_hover=&#8220;100px&#8220; button_bg_color_hover=&#8220;#0059c3&#8243; button_text_size__hover_enabled=&#8220;off&#8220; button_one_text_size__hover_enabled=&#8220;off&#8220; button_two_text_size__hover_enabled=&#8220;off&#8220; button_text_color__hover_enabled=&#8220;on&#8220; button_text_color__hover=&#8220;#ffffff&#8220; button_one_text_color__hover_enabled=&#8220;off&#8220; button_two_text_color__hover_enabled=&#8220;off&#8220; button_border_width__hover_enabled=&#8220;off&#8220; button_one_border_width__hover_enabled=&#8220;off&#8220; button_two_border_width__hover_enabled=&#8220;off&#8220; button_border_color__hover_enabled=&#8220;on&#8220; button_border_color__hover=&#8220;rgba(0,0,0,0)&#8220; button_one_border_color__hover_enabled=&#8220;off&#8220; button_two_border_color__hover_enabled=&#8220;off&#8220; button_border_radius__hover_enabled=&#8220;on&#8220; button_border_radius__hover=&#8220;100px&#8220; button_one_border_radius__hover_enabled=&#8220;off&#8220; button_two_border_radius__hover_enabled=&#8220;off&#8220; button_letter_spacing__hover_enabled=&#8220;off&#8220; button_one_letter_spacing__hover_enabled=&#8220;off&#8220; button_two_letter_spacing__hover_enabled=&#8220;off&#8220; button_bg_color__hover_enabled=&#8220;on&#8220; button_bg_color__hover=&#8220;#0059c3&#8243; button_one_bg_color__hover_enabled=&#8220;off&#8220; button_two_bg_color__hover_enabled=&#8220;off&#8220;][\/et_pb_button][\/et_pb_column][\/et_pb_row][\/et_pb_section]<\/p>\n","protected":false},"excerpt":{"rendered":"<p>[et_pb_section fb_built=&#8220;1&#8243; custom_padding_last_edited=&#8220;on|phone&#8220; admin_label=&#8220;Header&#8220; _builder_version=&#8220;4.4.2&#8243; use_background_color_gradient=&#8220;on&#8220; background_color_gradient_start=&#8220;#f6f7fa&#8220; background_color_gradient_end=&#8220;#ffffff&#8220; background_color_gradient_overlays_image=&#8220;on&#8220; background_position=&#8220;center_right&#8220; custom_margin=&#8220;|||&#8220; custom_padding=&#8220;0vw||0vw||false|false&#8220; custom_padding_tablet=&#8220;||||false|false&#8220; custom_padding_phone=&#8220;||||false|false&#8220; top_divider_style=&#8220;arrow2&#8243; top_divider_color=&#8220;#ffc547&#8243; top_divider_height=&#8220;65px&#8220;][et_pb_row _builder_version=&#8220;3.25&#8243;][et_pb_column type=&#8220;4_4&#8243; _builder_version=&#8220;3.25&#8243; custom_padding=&#8220;|||&#8220; custom_padding__hover=&#8220;|||&#8220;][et_pb_text _builder_version=&#8220;4.4.2&#8243; text_font=&#8220;||||||||&#8220; header_font=&#8220;Cantata One||||||||&#8220; header_font_size=&#8220;50px&#8220; header_line_height=&#8220;1.4em&#8220; header_2_font=&#8220;||||||||&#8220; header_2_text_color=&#8220;rgba(0,0,0,0.35)&#8220; header_2_font_size=&#8220;20px&#8220; header_2_line_height=&#8220;1.6em&#8220; text_orientation=&#8220;center&#8220; custom_padding=&#8220;39px|||||&#8220; animation_style=&#8220;slide&#8220; animation_direction=&#8220;bottom&#8220; header_font_size_tablet=&#8220;35px&#8220; header_font_size_phone=&#8220;25px&#8220; header_font_size_last_edited=&#8220;on|desktop&#8220;] Gesund abnehmen mit Hypnose [\/et_pb_text][\/et_pb_column][\/et_pb_row][\/et_pb_section][et_pb_section fb_built=&#8220;1&#8243; admin_label=&#8220;Our Mission&#8220; _builder_version=&#8220;4.4.2&#8243; background_color=&#8220;#dce1ea&#8220; use_background_color_gradient=&#8220;on&#8220; background_color_gradient_start=&#8220;#ffffff&#8220; background_color_gradient_end=&#8220;rgba(255,255,255,0.29)&#8220; background_color_gradient_overlays_image=&#8220;on&#8220; background_image=&#8220;https:\/\/hypnose-in-moers.de\/wp-content\/uploads\/2020\/03\/dentist-19.png&#8220; custom_padding=&#8220;0||0vw||false|false&#8220; [&hellip;]<\/p>\n","protected":false},"author":1,"featured_media":0,"parent":0,"menu_order":0,"comment_status":"closed","ping_status":"closed","template":"","meta":{"_et_pb_use_builder":"on","_et_pb_old_content":"","_et_gb_content_width":"","footnotes":""},"class_list":["post-184","page","type-page","status-publish","hentry"],"_links":{"self":[{"href":"https:\/\/hypnose-in-moers.de\/index.php?rest_route=\/wp\/v2\/pages\/184","targetHints":{"allow":["GET"]}}],"collection":[{"href":"https:\/\/hypnose-in-moers.de\/index.php?rest_route=\/wp\/v2\/pages"}],"about":[{"href":"https:\/\/hypnose-in-moers.de\/index.php?rest_route=\/wp\/v2\/types\/page"}],"author":[{"embeddable":true,"href":"https:\/\/hypnose-in-moers.de\/index.php?rest_route=\/wp\/v2\/users\/1"}],"replies":[{"embeddable":true,"href":"https:\/\/hypnose-in-moers.de\/index.php?rest_route=%2Fwp%2Fv2%2Fcomments&post=184"}],"version-history":[{"count":51,"href":"https:\/\/hypnose-in-moers.de\/index.php?rest_route=\/wp\/v2\/pages\/184\/revisions"}],"predecessor-version":[{"id":1543,"href":"https:\/\/hypnose-in-moers.de\/index.php?rest_route=\/wp\/v2\/pages\/184\/revisions\/1543"}],"wp:attachment":[{"href":"https:\/\/hypnose-in-moers.de\/index.php?rest_route=%2Fwp%2Fv2%2Fmedia&parent=184"}],"curies":[{"name":"wp","href":"https:\/\/api.w.org\/{rel}","templated":true}]}}