{"id":10,"date":"2020-03-30T01:38:29","date_gmt":"2020-03-30T01:38:29","guid":{"rendered":"http:\/\/hypnose-in-moers.de\/?page_id=10"},"modified":"2026-01-08T13:53:01","modified_gmt":"2026-01-08T13:53:01","slug":"startseite","status":"publish","type":"page","link":"https:\/\/hypnose-in-moers.de\/","title":{"rendered":"Startseite"},"content":{"rendered":"<p>[et_pb_section fb_built=&#8220;1&#8243; custom_padding_last_edited=&#8220;on|phone&#8220; admin_label=&#8220;Header&#8220; _builder_version=&#8220;4.4.2&#8243; background_color=&#8220;#fc9569&#8243; use_background_color_gradient=&#8220;on&#8220; background_color_gradient_start=&#8220;rgba(255,255,255,0)&#8220; background_color_gradient_end=&#8220;#f9fafc&#8220; background_color_gradient_type=&#8220;radial&#8220; background_color_gradient_direction_radial=&#8220;right&#8220; background_color_gradient_overlays_image=&#8220;on&#8220; background_enable_image=&#8220;off&#8220; background_position=&#8220;center_right&#8220; custom_margin=&#8220;|||&#8220; custom_padding=&#8220;0vw||0vw||true|false&#8220; custom_padding_tablet=&#8220;||||false|false&#8220; custom_padding_phone=&#8220;||||false|false&#8220;][et_pb_row _builder_version=&#8220;4.4.2&#8243; width=&#8220;100%&#8220; max_width=&#8220;1679px&#8220; custom_padding=&#8220;14px||13px|||&#8220;][et_pb_column type=&#8220;4_4&#8243; _builder_version=&#8220;4.4.2&#8243;][et_pb_slider _builder_version=&#8220;4.4.2&#8243; _dynamic_attributes=&#8220;link_option_url&#8220; background_image=&#8220;https:\/\/hypnose-in-moers.de\/wp-content\/uploads\/2020\/06\/seashore-under-white-and-blue-sky-during-sunset-210205.jpg&#8220; width=&#8220;100%&#8220; max_width=&#8220;100%&#8220; min_height=&#8220;564px&#8220; custom_margin=&#8220;-32px||17px|||&#8220; custom_padding=&#8220;86px||71px|||&#8220; link_option_url=&#8220;@ET-DC@eyJkeW5hbWljIjp0cnVlLCJjb250ZW50IjoicG9zdF9saW5rX3VybF9wYWdlIiwic2V0dGluZ3MiOnsicG9zdF9pZCI6IjEwMCJ9fQ==@&#8220; box_shadow_style_image=&#8220;preset3&#8243;][et_pb_slide heading=&#8220;Beate Schweers &#8220; button_text=&#8220;Jetzt Kontakt aufnehmen&#8220; button_link=&#8220;@ET-DC@eyJkeW5hbWljIjp0cnVlLCJjb250ZW50IjoicG9zdF9saW5rX3VybF9wYWdlIiwic2V0dGluZ3MiOnsicG9zdF9pZCI6IjU1In19@&#8220; _builder_version=&#8220;4.4.2&#8243; _dynamic_attributes=&#8220;button_link&#8220; background_color=&#8220;rgba(209,111,79,0.24)&#8220; background_image=&#8220;https:\/\/hypnose-in-moers.de\/wp-content\/uploads\/2020\/07\/badeort-draussen-felsen-ferienort-994605-scaled.jpg&#8220; background_blend=&#8220;saturation&#8220;]<\/p>\n<p><span style=\"color: #ffffff;\">Hypnose &amp; Coaching\u00a0<\/span><\/p>\n<p><span style=\"color: #ffffff;\"><strong>Herzlich Willkommen auf meiner Seite!<\/strong><\/span><\/p>\n<p><span style=\"color: #ffffff;\">Ich freue mich sehr, dass Sie zu mir gefunden haben.<\/span><\/p>\n<p><span style=\"color: #ffffff;\">Mein Name ist Beate Schweers und ich bin zertifizierter Hypnose \u2013 Coach und psychologische Beraterin.<\/span><\/p>\n<p><span style=\"color: #ffffff;\">\u00a0<\/span><\/p>\n<p>[\/et_pb_slide][et_pb_slide heading=&#8220;Hypnose&#8220; button_text=&#8220;Mehr Erfahren&#8220; button_link=&#8220;@ET-DC@eyJkeW5hbWljIjp0cnVlLCJjb250ZW50IjoicG9zdF9saW5rX3VybF9wYWdlIiwic2V0dGluZ3MiOnsicG9zdF9pZCI6IjEwMCJ9fQ==@&#8220; image=&#8220;https:\/\/hypnose-in-moers.de\/wp-content\/uploads\/2020\/03\/BA08070_bea-8184de39.png&#8220; _builder_version=&#8220;4.4.2&#8243; _dynamic_attributes=&#8220;button_link&#8220; background_image=&#8220;https:\/\/hypnose-in-moers.de\/wp-content\/uploads\/2020\/06\/seaport-during-daytime-132037-scaled.jpg&#8220; background_enable_image=&#8220;on&#8220; box_shadow_style_image=&#8220;preset3&#8243; box_shadow_spread_image=&#8220;10px&#8220;]<\/p>\n<p>Zertifizierte und professionelle Hypnose<\/p>\n<p>[\/et_pb_slide][et_pb_slide heading=&#8220;Coaching&#8220; button_text=&#8220;Mehr Erfahren&#8220; _builder_version=&#8220;4.4.2&#8243;]<\/p>\n<p><span>Professionelles Coaching<\/span><\/p>\n<p>[\/et_pb_slide][\/et_pb_slider][\/et_pb_column][\/et_pb_row][\/et_pb_section][et_pb_section fb_built=&#8220;1&#8243; admin_label=&#8220;Contact Info&#8220; _builder_version=&#8220;4.4.2&#8243; background_color=&#8220;#ffffff&#8220; background_enable_image=&#8220;off&#8220; parallax=&#8220;on&#8220; custom_margin=&#8220;-30px|||||&#8220; custom_padding=&#8220;20px|0px|20px|0px|false|false&#8220; box_shadow_style=&#8220;preset6&#8243;][\/et_pb_section][et_pb_section fb_built=&#8220;1&#8243; admin_label=&#8220;Our Services&#8220; _builder_version=&#8220;4.4.2&#8243; use_background_color_gradient=&#8220;on&#8220; background_color_gradient_start=&#8220;#ffffff&#8220; background_color_gradient_end=&#8220;#eff1f4&#8243; background_image=&#8220;https:\/\/hypnose-in-moers.de\/wp-content\/uploads\/2020\/03\/dentist-04.png&#8220; parallax=&#8220;on&#8220; custom_padding=&#8220;||5px|||&#8220; bottom_divider_style=&#8220;wave&#8220; bottom_divider_color=&#8220;#ffffff&#8220; box_shadow_style=&#8220;preset3&#8243;][et_pb_row column_structure=&#8220;3_5,2_5&#8243; _builder_version=&#8220;4.4.2&#8243;][et_pb_column type=&#8220;3_5&#8243; _builder_version=&#8220;3.25&#8243; custom_padding=&#8220;|||&#8220; custom_padding__hover=&#8220;|||&#8220;][et_pb_text _builder_version=&#8220;4.4.2&#8243; text_font=&#8220;Open Sans||||||||&#8220; text_line_height=&#8220;2em&#8220; header_font=&#8220;||||||||&#8220; header_2_font=&#8220;Cantata One||||||||&#8220; header_2_font_size=&#8220;40px&#8220; header_2_line_height=&#8220;1.4em&#8220; hover_enabled=&#8220;0&#8243; header_2_font_size_tablet=&#8220;35px&#8220; header_2_font_size_phone=&#8220;25px&#8220; header_2_font_size_last_edited=&#8220;on|phone&#8220;]<\/p>\n<h2>Hypnose &amp; Coaching<\/h2>\n<p><span style=\"font-size: 14px;\">Sicherlich gibt es ein Thema wobei ich Sie <\/span><strong style=\"font-size: 14px;\">unterst\u00fctzen<\/strong><span style=\"font-size: 14px;\"> kann denn es gibt keine Zuf\u00e4lle,<br \/> Sie sind hier weil ich Ihnen bei etwas helfen kann.<\/span><\/p>\n<p>Der erste Schritt ist jetzt getan!<\/p>\n<p>Lassen Sie 2026 zum sch\u00f6nsten Jahr Ihres Lebens werden!<\/p>\n<p>Sie wollen endlich mit dem Rauchen aufh\u00f6ren, Ihr Gewicht reduzieren oder an Ihrem Selbstbewusstsein arbeiten?<\/p>\n<p>Egal wobei Sie sich Unterst\u00fctzung w\u00fcnschen, kontaktieren Sie mich einfach. Was haben Sie zu verlieren?<\/p>\n<p>Mein gr\u00f6\u00dftes Anliegen ist, Menschen zur\u00fcck in Ihre\u00a0<strong>Kraft, ihre Selbstwirksamkeit<\/strong>\u00a0zu bringen, Ihre Ressourcen zu aktivieren und Sie Ihrem <strong>Ziel <\/strong>n\u00e4her zu bringen. Ver\u00e4nderung, ein <strong>Neuanfang<\/strong> kann auch f\u00fcr Sie wundersch\u00f6n werden!<\/p>\n<p>Es braucht nur etwas Mut zur Ver\u00e4nderung.<\/p>\n<p>Sind Sie bereit Neue Wege zu gehen, eine wichtige Entscheidung zu treffen, Verantwortung f\u00fcr sich zu \u00fcbernehmen?<\/p>\n<p>Ich unterst\u00fctze Sie sehr gern dabei.<\/p>\n<p><strong>Gemeinsam finden wir eine L\u00f6sung!<\/strong><\/p>\n<p><strong><\/strong><\/p>\n<p><em>\u201eErfolg ist nichts endg\u00fcltiges, Misserfolg nichts fatales : was z\u00e4hlt, ist der Mut weiterzumachen.\u201c<\/em><\/p>\n<p style=\"text-align: center;\"><em>\u00a0&#8211; Winston Churchill<\/em><\/p>\n<p>&nbsp;<\/p>\n<p>Dabei nutze ich unterschiedliche Methoden aus den Bereichen <strong>Hypnose, psychologische Beratung und Coaching<\/strong> die immer individuell auf Sie angepasst werden, um das f\u00fcr Sie bestm\u00f6gliche <strong>Ergebnis<\/strong> zu erzielen.<\/p>\n<p>&nbsp;<\/p>\n<p><strong>Jetzt Neu !!!<\/strong><\/p>\n<p>Selbstliebe lernen in der kleinen\u00a0<span style=\"text-decoration: underline;\">Gruppe.<\/span><\/p>\n<p>1x im Monat am Montag um 18:00 Uhr<\/p>\n<p>Bei Interesse rufen Sie mich einfach an.<\/p>\n<p>Die Pl\u00e4tze sind begrenzt auf 8 Personen.<\/p>\n<p><strong>Start ist am 02.02.2026<\/strong><\/p>\n<p>&nbsp;<\/p>\n<p><span style=\"text-decoration: underline;\">Gewichtsreduktion in der Gruppe:<\/span><\/p>\n<p><b>Mindestzahl sind 4 Teilnehmer<\/b><\/p>\n<p>Anmeldung ab sofort.<\/p>\n<p>Schnell sein lohnt sich!!!<\/p>\n<p>Ruf mich an und wir besprechen alles weitere.<\/p>\n<p>[\/et_pb_text][\/et_pb_column][et_pb_column type=&#8220;2_5&#8243; _builder_version=&#8220;3.25&#8243; custom_padding=&#8220;|||&#8220; custom_padding_tablet=&#8220;0px||0px|&#8220; padding_tablet=&#8220;0px||0px|&#8220; custom_padding__hover=&#8220;|||&#8220;][et_pb_image src=&#8220;https:\/\/hypnose-in-moers.de\/wp-content\/uploads\/2020\/03\/BA08025_bea-cbe98f97-8a843eed-9875e4af-eab3582d.png&#8220; _builder_version=&#8220;4.4.2&#8243; max_width=&#8220;71%&#8220;][\/et_pb_image][et_pb_image src=&#8220;https:\/\/hypnose-in-moers.de\/wp-content\/uploads\/2020\/07\/schweers.png&#8220; align_tablet=&#8220;&#8220; align_phone=&#8220;center&#8220; align_last_edited=&#8220;on|phone&#8220; _builder_version=&#8220;4.4.2&#8243;][\/et_pb_image][et_pb_button button_url=&#8220;@ET-DC@eyJkeW5hbWljIjp0cnVlLCJjb250ZW50IjoicG9zdF9saW5rX3VybF9wYWdlIiwic2V0dGluZ3MiOnsicG9zdF9pZCI6IjU1In19@&#8220; button_text=&#8220;Jetzt Kontaktieren&#8220; button_alignment=&#8220;left&#8220; button_alignment_tablet=&#8220;&#8220; button_alignment_phone=&#8220;center&#8220; button_alignment_last_edited=&#8220;on|phone&#8220; _builder_version=&#8220;4.4.2&#8243; _dynamic_attributes=&#8220;button_url&#8220; custom_button=&#8220;on&#8220; button_text_size=&#8220;16px&#8220; button_text_color=&#8220;#ffffff&#8220; button_bg_color=&#8220;#52a8ff&#8220; button_border_width=&#8220;7px&#8220; button_border_color=&#8220;rgba(0,0,0,0)&#8220; button_border_radius=&#8220;100px&#8220; button_font=&#8220;Open Sans|700|||||||&#8220; custom_margin=&#8220;-1px|||||&#8220; animation_style=&#8220;slide&#8220; animation_direction=&#8220;bottom&#8220; button_text_color_hover=&#8220;#ffffff&#8220; button_border_color_hover=&#8220;rgba(0,0,0,0)&#8220; button_border_radius_hover=&#8220;100px&#8220; button_bg_color_hover=&#8220;#0059c3&#8243; locked=&#8220;off&#8220; button_text_size__hover_enabled=&#8220;off&#8220; button_one_text_size__hover_enabled=&#8220;off&#8220; button_two_text_size__hover_enabled=&#8220;off&#8220; button_text_color__hover_enabled=&#8220;on&#8220; button_text_color__hover=&#8220;#ffffff&#8220; button_one_text_color__hover_enabled=&#8220;off&#8220; button_two_text_color__hover_enabled=&#8220;off&#8220; button_border_width__hover_enabled=&#8220;off&#8220; button_one_border_width__hover_enabled=&#8220;off&#8220; button_two_border_width__hover_enabled=&#8220;off&#8220; button_border_color__hover_enabled=&#8220;on&#8220; button_border_color__hover=&#8220;rgba(0,0,0,0)&#8220; button_one_border_color__hover_enabled=&#8220;off&#8220; button_two_border_color__hover_enabled=&#8220;off&#8220; button_border_radius__hover_enabled=&#8220;on&#8220; button_border_radius__hover=&#8220;100px&#8220; button_one_border_radius__hover_enabled=&#8220;off&#8220; button_two_border_radius__hover_enabled=&#8220;off&#8220; button_letter_spacing__hover_enabled=&#8220;off&#8220; button_one_letter_spacing__hover_enabled=&#8220;off&#8220; button_two_letter_spacing__hover_enabled=&#8220;off&#8220; button_bg_color__hover_enabled=&#8220;on&#8220; button_bg_color__hover=&#8220;#0059c3&#8243; button_one_bg_color__hover_enabled=&#8220;off&#8220; button_two_bg_color__hover_enabled=&#8220;off&#8220;][\/et_pb_button][\/et_pb_column][\/et_pb_row][et_pb_row column_structure=&#8220;1_3,1_3,1_3&#8243; _builder_version=&#8220;3.25&#8243; locked=&#8220;off&#8220;][et_pb_column type=&#8220;1_3&#8243; _builder_version=&#8220;3.25&#8243; custom_padding=&#8220;|||&#8220; custom_padding__hover=&#8220;|||&#8220;][et_pb_text _builder_version=&#8220;4.4.2&#8243; text_font=&#8220;Open Sans||||||||&#8220; text_line_height=&#8220;2em&#8220; link_font=&#8220;||||||||&#8220; ul_font=&#8220;||||||||&#8220; ol_font=&#8220;||||||||&#8220; header_font=&#8220;||||||||&#8220; header_2_font=&#8220;||||||||&#8220; header_3_font=&#8220;Cantata One||||||||&#8220; header_3_font_size=&#8220;20px&#8220; header_3_line_height=&#8220;1.6em&#8220; header_4_font=&#8220;||||||||&#8220; header_5_font=&#8220;||||||||&#8220; header_6_font=&#8220;||||||||&#8220; use_background_color_gradient=&#8220;on&#8220; background_color_gradient_start=&#8220;rgba(255,255,255,0)&#8220; background_color_gradient_end=&#8220;#ffffff&#8220; custom_margin=&#8220;|||&#8220; custom_padding=&#8220;30px|30px|30px|30px|true|true&#8220; custom_padding_phone=&#8220;|||&#8220; custom_padding_last_edited=&#8220;off|desktop&#8220; header_3_font_size_tablet=&#8220;&#8220; header_3_font_size_phone=&#8220;25px&#8220; header_3_font_size_last_edited=&#8220;on|phone&#8220; border_radii=&#8220;|||10px|10px&#8220; box_shadow_style=&#8220;preset1&#8243; box_shadow_vertical=&#8220;40px&#8220; box_shadow_blur=&#8220;60px&#8220; box_shadow_color=&#8220;rgba(0,64,135,0.06)&#8220; locked=&#8220;off&#8220;]<\/p>\n<h3>Hypnose<\/h3>\n<p>Ich werde mit Hilfe der Hypnose den Ursachen Ihrer Probleme auf den Grund gehen. Dadurch kann sich einiges in Ihrem Leben positiv ver\u00e4ndern. Alles was Sie sich vorstellem k\u00f6nnen, ist m\u00f6glich. Manche haben mehr Selbstvertrauen, f\u00fchlen sich zufriedener, freier und st\u00e4rker, \u00c4ngste verschwinden, wieder kehrende Beziehungsprobleme\u00a0 beginnen sich aufl\u00f6sen, neue Ideen tauchen auf, uvm.<\/p>\n<p>&nbsp;<\/p>\n<p>[\/et_pb_text][et_pb_button button_url=&#8220;@ET-DC@eyJkeW5hbWljIjp0cnVlLCJjb250ZW50IjoicG9zdF9saW5rX3VybF9wYWdlIiwic2V0dGluZ3MiOnsicG9zdF9pZCI6IjEwMCJ9fQ==@&#8220; button_text=&#8220;Leistungen&#8220; button_alignment=&#8220;center&#8220; _builder_version=&#8220;4.4.2&#8243; _dynamic_attributes=&#8220;button_url&#8220; custom_button=&#8220;on&#8220; button_text_size=&#8220;16px&#8220; button_text_color=&#8220;#ffffff&#8220; button_bg_color=&#8220;#52a8ff&#8220; button_border_width=&#8220;7px&#8220; button_border_color=&#8220;rgba(0,0,0,0)&#8220; button_border_radius=&#8220;100px&#8220; button_font=&#8220;Open Sans|700|||||||&#8220; animation_style=&#8220;slide&#8220; animation_direction=&#8220;bottom&#8220; button_text_color_hover=&#8220;#ffffff&#8220; button_border_color_hover=&#8220;rgba(0,0,0,0)&#8220; button_border_radius_hover=&#8220;100px&#8220; button_bg_color_hover=&#8220;#0059c3&#8243; button_text_size__hover_enabled=&#8220;off&#8220; button_one_text_size__hover_enabled=&#8220;off&#8220; button_two_text_size__hover_enabled=&#8220;off&#8220; button_text_color__hover_enabled=&#8220;on&#8220; button_text_color__hover=&#8220;#ffffff&#8220; button_one_text_color__hover_enabled=&#8220;off&#8220; button_two_text_color__hover_enabled=&#8220;off&#8220; button_border_width__hover_enabled=&#8220;off&#8220; button_one_border_width__hover_enabled=&#8220;off&#8220; button_two_border_width__hover_enabled=&#8220;off&#8220; button_border_color__hover_enabled=&#8220;on&#8220; button_border_color__hover=&#8220;rgba(0,0,0,0)&#8220; button_one_border_color__hover_enabled=&#8220;off&#8220; button_two_border_color__hover_enabled=&#8220;off&#8220; button_border_radius__hover_enabled=&#8220;on&#8220; button_border_radius__hover=&#8220;100px&#8220; button_one_border_radius__hover_enabled=&#8220;off&#8220; button_two_border_radius__hover_enabled=&#8220;off&#8220; button_letter_spacing__hover_enabled=&#8220;off&#8220; button_one_letter_spacing__hover_enabled=&#8220;off&#8220; button_two_letter_spacing__hover_enabled=&#8220;off&#8220; button_bg_color__hover_enabled=&#8220;on&#8220; button_bg_color__hover=&#8220;#0059c3&#8243; button_one_bg_color__hover_enabled=&#8220;off&#8220; button_two_bg_color__hover_enabled=&#8220;off&#8220;][\/et_pb_button][\/et_pb_column][et_pb_column type=&#8220;1_3&#8243; _builder_version=&#8220;3.25&#8243; custom_padding=&#8220;|||&#8220; custom_padding__hover=&#8220;|||&#8220;][et_pb_text _builder_version=&#8220;4.4.2&#8243; text_font=&#8220;Open Sans||||||||&#8220; text_line_height=&#8220;2em&#8220; header_font=&#8220;||||||||&#8220; header_3_font=&#8220;Cantata One||||||||&#8220; header_3_font_size=&#8220;20px&#8220; header_3_line_height=&#8220;1.6em&#8220; use_background_color_gradient=&#8220;on&#8220; background_color_gradient_start=&#8220;rgba(255,255,255,0)&#8220; background_color_gradient_end=&#8220;#ffffff&#8220; custom_margin=&#8220;|||&#8220; custom_padding=&#8220;30px|30px|30px|30px|true|true&#8220; custom_padding_phone=&#8220;|||&#8220; custom_padding_last_edited=&#8220;off|desktop&#8220; header_3_font_size_tablet=&#8220;&#8220; header_3_font_size_phone=&#8220;25px&#8220; header_3_font_size_last_edited=&#8220;on|phone&#8220; border_radii=&#8220;|||10px|10px&#8220; box_shadow_style=&#8220;preset1&#8243; box_shadow_vertical=&#8220;40px&#8220; box_shadow_blur=&#8220;60px&#8220; box_shadow_color=&#8220;rgba(0,64,135,0.06)&#8220; locked=&#8220;off&#8220;]<\/p>\n<h3>Coaching<\/h3>\n<p>Sie wollen sich ver\u00e4ndern und schaffen es nicht. Ich unterst\u00fctze und begleite Sie mit einem individuell auf Sie angepassten Coaching. Damit Sie schnell ihre Ziele erreichen. Wir sch\u00f6pfen dabei ihr ganzes Potential aus, st\u00e4rken ihre emotionale sowie soziale Kompetenz und verbessern dadurch ihre kognitiven F\u00e4higkeiten, ihre Belastbarkeit und st\u00e4rken ihr Selbstbewusstsein.<\/p>\n<p>[\/et_pb_text][et_pb_button button_url=&#8220;@ET-DC@eyJkeW5hbWljIjp0cnVlLCJjb250ZW50IjoicG9zdF9saW5rX3VybF9wYWdlIiwic2V0dGluZ3MiOnsicG9zdF9pZCI6IjEwMCJ9fQ==@&#8220; button_text=&#8220;Leistungen&#8220; button_alignment=&#8220;center&#8220; _builder_version=&#8220;4.4.2&#8243; _dynamic_attributes=&#8220;button_url&#8220; custom_button=&#8220;on&#8220; button_text_size=&#8220;16px&#8220; button_text_color=&#8220;#ffffff&#8220; button_bg_color=&#8220;#52a8ff&#8220; button_border_width=&#8220;7px&#8220; button_border_color=&#8220;rgba(0,0,0,0)&#8220; button_border_radius=&#8220;100px&#8220; button_font=&#8220;Open Sans|700|||||||&#8220; animation_style=&#8220;slide&#8220; animation_direction=&#8220;bottom&#8220; button_text_color_hover=&#8220;#ffffff&#8220; button_border_color_hover=&#8220;rgba(0,0,0,0)&#8220; button_border_radius_hover=&#8220;100px&#8220; button_bg_color_hover=&#8220;#0059c3&#8243; button_text_size__hover_enabled=&#8220;off&#8220; button_one_text_size__hover_enabled=&#8220;off&#8220; button_two_text_size__hover_enabled=&#8220;off&#8220; button_text_color__hover_enabled=&#8220;on&#8220; button_text_color__hover=&#8220;#ffffff&#8220; button_one_text_color__hover_enabled=&#8220;off&#8220; button_two_text_color__hover_enabled=&#8220;off&#8220; button_border_width__hover_enabled=&#8220;off&#8220; button_one_border_width__hover_enabled=&#8220;off&#8220; button_two_border_width__hover_enabled=&#8220;off&#8220; button_border_color__hover_enabled=&#8220;on&#8220; button_border_color__hover=&#8220;rgba(0,0,0,0)&#8220; button_one_border_color__hover_enabled=&#8220;off&#8220; button_two_border_color__hover_enabled=&#8220;off&#8220; button_border_radius__hover_enabled=&#8220;on&#8220; button_border_radius__hover=&#8220;100px&#8220; button_one_border_radius__hover_enabled=&#8220;off&#8220; button_two_border_radius__hover_enabled=&#8220;off&#8220; button_letter_spacing__hover_enabled=&#8220;off&#8220; button_one_letter_spacing__hover_enabled=&#8220;off&#8220; button_two_letter_spacing__hover_enabled=&#8220;off&#8220; button_bg_color__hover_enabled=&#8220;on&#8220; button_bg_color__hover=&#8220;#0059c3&#8243; button_one_bg_color__hover_enabled=&#8220;off&#8220; button_two_bg_color__hover_enabled=&#8220;off&#8220;][\/et_pb_button][\/et_pb_column][et_pb_column type=&#8220;1_3&#8243; _builder_version=&#8220;3.25&#8243; custom_padding=&#8220;|||&#8220; custom_padding__hover=&#8220;|||&#8220;][et_pb_text _builder_version=&#8220;3.27.4&#8243; text_font=&#8220;Open Sans||||||||&#8220; text_line_height=&#8220;2em&#8220; header_font=&#8220;||||||||&#8220; header_3_font=&#8220;Cantata One||||||||&#8220; header_3_font_size=&#8220;20px&#8220; header_3_line_height=&#8220;1.6em&#8220; use_background_color_gradient=&#8220;on&#8220; background_color_gradient_start=&#8220;rgba(255,255,255,0)&#8220; background_color_gradient_end=&#8220;#ffffff&#8220; custom_margin=&#8220;|||&#8220; custom_padding=&#8220;30px|30px|30px|30px|true|true&#8220; custom_padding_phone=&#8220;|||&#8220; custom_padding_last_edited=&#8220;off|desktop&#8220; header_3_font_size_tablet=&#8220;&#8220; header_3_font_size_phone=&#8220;25px&#8220; header_3_font_size_last_edited=&#8220;on|phone&#8220; border_radii=&#8220;|||10px|10px&#8220; box_shadow_style=&#8220;preset1&#8243; box_shadow_vertical=&#8220;40px&#8220; box_shadow_blur=&#8220;60px&#8220; box_shadow_color=&#8220;rgba(0,64,135,0.06)&#8220; locked=&#8220;off&#8220;]<\/p>\n<h3>Psychologische Beratung<\/h3>\n<p>Sie befinden sich in einer Krise, f\u00fchlen sich leer und traurig und wissen nicht mehr weiter. Dann sprechen Sie mit mir. Ich unterst\u00fctze und begleite Sie in schwierigen Lebensphasen und gemeinsam finden wir einen Weg, der Sie wieder hoffen l\u00e4sst und es Ihnen erm\u00f6glicht mit Ihrer Situation gut umzugehen und weiter zu kommen.<\/p>\n<p>&nbsp;<\/p>\n<p>[\/et_pb_text][et_pb_button button_url=&#8220;@ET-DC@eyJkeW5hbWljIjp0cnVlLCJjb250ZW50IjoicG9zdF9saW5rX3VybF9wYWdlIiwic2V0dGluZ3MiOnsicG9zdF9pZCI6IjEwMCJ9fQ==@&#8220; button_text=&#8220;Leistungen&#8220; button_alignment=&#8220;center&#8220; _builder_version=&#8220;4.4.2&#8243; _dynamic_attributes=&#8220;button_url&#8220; custom_button=&#8220;on&#8220; button_text_size=&#8220;16px&#8220; button_text_color=&#8220;#ffffff&#8220; button_bg_color=&#8220;#52a8ff&#8220; button_border_width=&#8220;7px&#8220; button_border_color=&#8220;rgba(0,0,0,0)&#8220; button_border_radius=&#8220;100px&#8220; button_font=&#8220;Open Sans|700|||||||&#8220; animation_style=&#8220;slide&#8220; animation_direction=&#8220;bottom&#8220; button_text_color_hover=&#8220;#ffffff&#8220; button_border_color_hover=&#8220;rgba(0,0,0,0)&#8220; button_border_radius_hover=&#8220;100px&#8220; button_bg_color_hover=&#8220;#0059c3&#8243; button_text_size__hover_enabled=&#8220;off&#8220; button_one_text_size__hover_enabled=&#8220;off&#8220; button_two_text_size__hover_enabled=&#8220;off&#8220; button_text_color__hover_enabled=&#8220;on&#8220; button_text_color__hover=&#8220;#ffffff&#8220; button_one_text_color__hover_enabled=&#8220;off&#8220; button_two_text_color__hover_enabled=&#8220;off&#8220; button_border_width__hover_enabled=&#8220;off&#8220; button_one_border_width__hover_enabled=&#8220;off&#8220; button_two_border_width__hover_enabled=&#8220;off&#8220; button_border_color__hover_enabled=&#8220;on&#8220; button_border_color__hover=&#8220;rgba(0,0,0,0)&#8220; button_one_border_color__hover_enabled=&#8220;off&#8220; button_two_border_color__hover_enabled=&#8220;off&#8220; button_border_radius__hover_enabled=&#8220;on&#8220; button_border_radius__hover=&#8220;100px&#8220; button_one_border_radius__hover_enabled=&#8220;off&#8220; button_two_border_radius__hover_enabled=&#8220;off&#8220; button_letter_spacing__hover_enabled=&#8220;off&#8220; button_one_letter_spacing__hover_enabled=&#8220;off&#8220; button_two_letter_spacing__hover_enabled=&#8220;off&#8220; button_bg_color__hover_enabled=&#8220;on&#8220; button_bg_color__hover=&#8220;#0059c3&#8243; button_one_bg_color__hover_enabled=&#8220;off&#8220; button_two_bg_color__hover_enabled=&#8220;off&#8220;][\/et_pb_button][\/et_pb_column][\/et_pb_row][\/et_pb_section][et_pb_section fb_built=&#8220;1&#8243; fullwidth=&#8220;on&#8220; _builder_version=&#8220;4.4.2&#8243;][\/et_pb_section]<\/p>\n","protected":false},"excerpt":{"rendered":"<p>[et_pb_section fb_built=&#8220;1&#8243; custom_padding_last_edited=&#8220;on|phone&#8220; admin_label=&#8220;Header&#8220; _builder_version=&#8220;4.4.2&#8243; background_color=&#8220;#fc9569&#8243; use_background_color_gradient=&#8220;on&#8220; background_color_gradient_start=&#8220;rgba(255,255,255,0)&#8220; background_color_gradient_end=&#8220;#f9fafc&#8220; background_color_gradient_type=&#8220;radial&#8220; background_color_gradient_direction_radial=&#8220;right&#8220; background_color_gradient_overlays_image=&#8220;on&#8220; background_enable_image=&#8220;off&#8220; background_position=&#8220;center_right&#8220; custom_margin=&#8220;|||&#8220; custom_padding=&#8220;0vw||0vw||true|false&#8220; custom_padding_tablet=&#8220;||||false|false&#8220; custom_padding_phone=&#8220;||||false|false&#8220;][et_pb_row _builder_version=&#8220;4.4.2&#8243; width=&#8220;100%&#8220; max_width=&#8220;1679px&#8220; custom_padding=&#8220;14px||13px|||&#8220;][et_pb_column type=&#8220;4_4&#8243; _builder_version=&#8220;4.4.2&#8243;][et_pb_slider _builder_version=&#8220;4.4.2&#8243; _dynamic_attributes=&#8220;link_option_url&#8220; background_image=&#8220;https:\/\/hypnose-in-moers.de\/wp-content\/uploads\/2020\/06\/seashore-under-white-and-blue-sky-during-sunset-210205.jpg&#8220; width=&#8220;100%&#8220; max_width=&#8220;100%&#8220; min_height=&#8220;564px&#8220; custom_margin=&#8220;-32px||17px|||&#8220; custom_padding=&#8220;86px||71px|||&#8220; link_option_url=&#8220;@ET-DC@eyJkeW5hbWljIjp0cnVlLCJjb250ZW50IjoicG9zdF9saW5rX3VybF9wYWdlIiwic2V0dGluZ3MiOnsicG9zdF9pZCI6IjEwMCJ9fQ==@&#8220; box_shadow_style_image=&#8220;preset3&#8243;][et_pb_slide heading=&#8220;Beate Schweers &#8220; button_text=&#8220;Jetzt Kontakt aufnehmen&#8220; button_link=&#8220;@ET-DC@eyJkeW5hbWljIjp0cnVlLCJjb250ZW50IjoicG9zdF9saW5rX3VybF9wYWdlIiwic2V0dGluZ3MiOnsicG9zdF9pZCI6IjU1In19@&#8220; _builder_version=&#8220;4.4.2&#8243; _dynamic_attributes=&#8220;button_link&#8220; background_color=&#8220;rgba(209,111,79,0.24)&#8220; background_image=&#8220;https:\/\/hypnose-in-moers.de\/wp-content\/uploads\/2020\/07\/badeort-draussen-felsen-ferienort-994605-scaled.jpg&#8220; background_blend=&#8220;saturation&#8220;] Hypnose &amp; Coaching\u00a0 Herzlich Willkommen auf meiner Seite! Ich [&hellip;]<\/p>\n","protected":false},"author":1,"featured_media":0,"parent":0,"menu_order":0,"comment_status":"closed","ping_status":"closed","template":"","meta":{"_et_pb_use_builder":"on","_et_pb_old_content":"","_et_gb_content_width":"","footnotes":""},"class_list":["post-10","page","type-page","status-publish","hentry"],"_links":{"self":[{"href":"https:\/\/hypnose-in-moers.de\/index.php?rest_route=\/wp\/v2\/pages\/10","targetHints":{"allow":["GET"]}}],"collection":[{"href":"https:\/\/hypnose-in-moers.de\/index.php?rest_route=\/wp\/v2\/pages"}],"about":[{"href":"https:\/\/hypnose-in-moers.de\/index.php?rest_route=\/wp\/v2\/types\/page"}],"author":[{"embeddable":true,"href":"https:\/\/hypnose-in-moers.de\/index.php?rest_route=\/wp\/v2\/users\/1"}],"replies":[{"embeddable":true,"href":"https:\/\/hypnose-in-moers.de\/index.php?rest_route=%2Fwp%2Fv2%2Fcomments&post=10"}],"version-history":[{"count":70,"href":"https:\/\/hypnose-in-moers.de\/index.php?rest_route=\/wp\/v2\/pages\/10\/revisions"}],"predecessor-version":[{"id":1554,"href":"https:\/\/hypnose-in-moers.de\/index.php?rest_route=\/wp\/v2\/pages\/10\/revisions\/1554"}],"wp:attachment":[{"href":"https:\/\/hypnose-in-moers.de\/index.php?rest_route=%2Fwp%2Fv2%2Fmedia&parent=10"}],"curies":[{"name":"wp","href":"https:\/\/api.w.org\/{rel}","templated":true}]}}